{"id":7066,"date":"2020-03-31T07:41:11","date_gmt":"2020-03-31T10:41:11","guid":{"rendered":"https:\/\/kronedashotel.de\/uber-uns-2\/"},"modified":"2025-03-22T11:42:53","modified_gmt":"2025-03-22T14:42:53","slug":"impressum","status":"publish","type":"page","link":"https:\/\/kronedashotel.de\/de\/impressum\/","title":{"rendered":"Impressum"},"content":{"rendered":"<div data-elementor-type=\"wp-page\" data-elementor-id=\"7066\" class=\"elementor elementor-7066\">\n\t\t\t\t\t\t<section class=\"elementor-section elementor-top-section elementor-element elementor-element-723c8583 elementor-section-full_width elementor-section-height-default elementor-section-height-default qodef-elementor-content-no\" data-id=\"723c8583\" data-element_type=\"section\" data-e-type=\"section\">\n\t\t\t\t\t\t<div class=\"elementor-container elementor-column-gap-no\">\n\t\t\t\t\t<div class=\"elementor-column elementor-col-100 elementor-top-column elementor-element elementor-element-65e4aa5b\" data-id=\"65e4aa5b\" data-element_type=\"column\" data-e-type=\"column\">\n\t\t\t<div class=\"elementor-widget-wrap elementor-element-populated\">\n\t\t\t\t\t\t<div class=\"elementor-element elementor-element-651188f elementor-widget elementor-widget-image\" data-id=\"651188f\" data-element_type=\"widget\" data-e-type=\"widget\" data-widget_type=\"image.default\">\n\t\t\t\t<div class=\"elementor-widget-container\">\n\t\t\t\t\t\t\t\t\t\t\t\t\t\t\t<img fetchpriority=\"high\" decoding=\"async\" width=\"300\" height=\"300\" src=\"https:\/\/kronedashotel.de\/wp-content\/uploads\/2025\/01\/cropped-KRONE-HOTEL2-300x300.png\" class=\"attachment-medium size-medium wp-image-6679\" alt=\"\" srcset=\"https:\/\/kronedashotel.de\/wp-content\/uploads\/2025\/01\/cropped-KRONE-HOTEL2-300x300.png 300w, https:\/\/kronedashotel.de\/wp-content\/uploads\/2025\/01\/cropped-KRONE-HOTEL2-150x150.png 150w, https:\/\/kronedashotel.de\/wp-content\/uploads\/2025\/01\/cropped-KRONE-HOTEL2-12x12.png 12w, https:\/\/kronedashotel.de\/wp-content\/uploads\/2025\/01\/cropped-KRONE-HOTEL2-100x100.png 100w, https:\/\/kronedashotel.de\/wp-content\/uploads\/2025\/01\/cropped-KRONE-HOTEL2-270x270.png 270w, https:\/\/kronedashotel.de\/wp-content\/uploads\/2025\/01\/cropped-KRONE-HOTEL2-192x192.png 192w, https:\/\/kronedashotel.de\/wp-content\/uploads\/2025\/01\/cropped-KRONE-HOTEL2-180x180.png 180w, https:\/\/kronedashotel.de\/wp-content\/uploads\/2025\/01\/cropped-KRONE-HOTEL2-32x32.png 32w, https:\/\/kronedashotel.de\/wp-content\/uploads\/2025\/01\/cropped-KRONE-HOTEL2.png 512w\" sizes=\"(max-width: 300px) 100vw, 300px\" \/>\t\t\t\t\t\t\t\t\t\t\t\t\t\t\t<\/div>\n\t\t\t\t<\/div>\n\t\t\t\t\t<\/div>\n\t\t<\/div>\n\t\t\t\t\t<\/div>\n\t\t<\/section>\n\t\t\t\t<section class=\"elementor-section elementor-top-section elementor-element elementor-element-55bc024 elementor-section-full_width qodef-elementor-content-grid elementor-section-height-default elementor-section-height-default\" data-id=\"55bc024\" data-element_type=\"section\" data-e-type=\"section\">\n\t\t\t\t\t\t<div class=\"elementor-container elementor-column-gap-no\">\n\t\t\t\t\t<div class=\"elementor-column elementor-col-100 elementor-top-column elementor-element elementor-element-5abf0b6\" data-id=\"5abf0b6\" data-element_type=\"column\" data-e-type=\"column\" data-settings=\"{&quot;background_background&quot;:&quot;gradient&quot;}\">\n\t\t\t<div class=\"elementor-widget-wrap elementor-element-populated\">\n\t\t\t\t\t\t<div class=\"elementor-element elementor-element-85d925b elementor-widget elementor-widget-text-editor\" data-id=\"85d925b\" data-element_type=\"widget\" data-e-type=\"widget\" data-widget_type=\"text-editor.default\">\n\t\t\t\t<div class=\"elementor-widget-container\">\n\t\t\t\t\t\t\t\t\t<h5 style=\"text-align: center;\" data-pm-slice=\"1 1 []\"><strong>Angaben gem\u00e4\u00df \u00a7 5 TMG:<\/strong><br \/>Bastian Raupp<br \/>Krone das Hotel<br \/>M\u00fchlenstra\u00dfe 7<br \/>97285 Tauberrettersheim<br \/>Telefon: +49 9338 412<br \/>Mobil\/WhatsApp: +49 152 02882469<br \/>E-mail: info@kronedashotel.de <br \/><br \/><br \/><strong>Haftungsausschluss (Disclaimer):<\/strong><br \/><strong>Haftung f\u00fcr Inhalte<\/strong><br \/>Die Inhalte dieser Website wurden mit gr\u00f6\u00dfter Sorgfalt erstellt. F\u00fcr die Richtigkeit, Vollst\u00e4ndigkeit und Aktualit\u00e4t der Inhalte k\u00f6nnen wir jedoch keine Gew\u00e4hr \u00fcbernehmen. Als Diensteanbieter sind wir gem\u00e4\u00df \u00a7 7 Abs.1 TMG f\u00fcr eigene Inhalte auf diesen Seiten nach den allgemeinen Gesetzen verantwortlich. Nach \u00a7\u00a7 8 bis 10 TMG sind wir jedoch nicht verpflichtet, \u00fcbermittelte oder gespeicherte fremde Informationen zu \u00fcberwachen oder nach Umst\u00e4nden zu forschen, die auf eine rechtswidrige T\u00e4tigkeit hinweisen. Verpflichtungen zur Entfernung oder Sperrung der Nutzung von Informationen nach den allgemeinen Gesetzen bleiben hiervon unber\u00fchrt. Eine diesbez\u00fcgliche Haftung ist jedoch erst ab dem Zeitpunkt der Kenntnis einer konkreten Rechtsverletzung m\u00f6glich. Bei Bekanntwerden von entsprechenden Rechtsverletzungen werden wir diese Inhalte umgehend entfernen.<\/h5><h5 style=\"text-align: center;\"><strong>Haftung f\u00fcr Links<\/strong><br \/>Unsere Website enth\u00e4lt m\u00f6glicherweise Links zu externen Websites Dritter, auf deren Inhalte wir keinen Einfluss haben. Deshalb k\u00f6nnen wir f\u00fcr diese fremden Inhalte auch keine Gew\u00e4hr \u00fcbernehmen. F\u00fcr die Inhalte der verlinkten Seiten ist stets der jeweilige Anbieter oder Betreiber der Seiten verantwortlich. Die verlinkten Seiten wurden zum Zeitpunkt der Verlinkung auf m\u00f6gliche Rechtsverst\u00f6\u00dfe \u00fcberpr\u00fcft. Eine permanente inhaltliche Kontrolle der verlinkten Seiten ist jedoch ohne konkrete Anhaltspunkte einer Rechtsverletzung nicht zumutbar. Bei Bekanntwerden von Rechtsverletzungen werden wir derartige Links umgehend entfernen.<\/h5><h5 style=\"text-align: center;\"><strong>Urheberrecht<\/strong><br \/>Die durch die Seitenbetreiber erstellten Inhalte und Werke auf dieser Website unterliegen dem deutschen Urheberrecht. Die Vervielf\u00e4ltigung, Bearbeitung, Verbreitung und jede Art der Verwertung au\u00dferhalb der Grenzen des Urheberrechts bed\u00fcrfen der schriftlichen Zustimmung des jeweiligen Autors oder Erstellers. Downloads und Kopien dieser Seite sind nur f\u00fcr den privaten, nicht kommerziellen Gebrauch gestattet. Soweit die Inhalte auf dieser Seite nicht vom Betreiber erstellt wurden, werden die Urheberrechte Dritter beachtet. Sollten Sie dennoch auf eine Urheberrechtsverletzung aufmerksam werden, bitten wir um einen entsprechenden Hinweis. Bei Bekanntwerden von Rechtsverletzungen werden wir derartige Inhalte umgehend entfernen.<\/h5><h5 style=\"text-align: center;\"><strong>Online-Streitbeilegung gem\u00e4\u00df Art. 14 Abs. 1 ODR-VO:<\/strong><br \/>Die Europ\u00e4ische Kommission stellt eine Plattform zur Online-Streitbeilegung (OS) bereit, die unter folgendem Link erreichbar ist: <a href=\"https:\/\/ec.europa.eu\/consumers\/odr\/\">https:\/\/ec.europa.eu\/consumers\/odr\/<\/a><\/h5>\t\t\t\t\t\t\t\t<\/div>\n\t\t\t\t<\/div>\n\t\t\t\t\t<\/div>\n\t\t<\/div>\n\t\t\t\t\t<\/div>\n\t\t<\/section>\n\t\t\t\t<\/div>","protected":false},"excerpt":{"rendered":"<p>Angaben gem\u00e4\u00df \u00a7 5 TMG:Bastian RauppKrone das HotelM\u00fchlenstra\u00dfe 797285 TauberrettersheimTelefon: +49 9338 412Mobil\/WhatsApp: +49 152 02882469E-mail: info@kronedashotel.de Haftungsausschluss (Disclaimer):Haftung f\u00fcr InhalteDie Inhalte dieser Website wurden mit gr\u00f6\u00dfter Sorgfalt erstellt. F\u00fcr die Richtigkeit, Vollst\u00e4ndigkeit und Aktualit\u00e4t der Inhalte k\u00f6nnen wir jedoch keine Gew\u00e4hr \u00fcbernehmen. Als Diensteanbieter sind wir gem\u00e4\u00df \u00a7 7 Abs.1 TMG f\u00fcr eigene Inhalte [&hellip;]<\/p>","protected":false},"author":1,"featured_media":0,"parent":0,"menu_order":0,"comment_status":"closed","ping_status":"closed","template":"","meta":{"footnotes":""},"class_list":["post-7066","page","type-page","status-publish","hentry"],"yoast_head":"<!-- This site is optimized with the Yoast SEO plugin v24.7 - https:\/\/yoast.com\/wordpress\/plugins\/seo\/ -->\n<title>Impressum - Krone das Hotel - Willkommen in Tauberrettersheim, Germany<\/title>\n<meta name=\"robots\" content=\"index, follow, max-snippet:-1, max-image-preview:large, max-video-preview:-1\" \/>\n<link rel=\"canonical\" href=\"https:\/\/kronedashotel.de\/de\/impressum\/\" \/>\n<meta property=\"og:locale\" content=\"de_DE\" \/>\n<meta property=\"og:type\" content=\"article\" \/>\n<meta property=\"og:title\" content=\"Impressum - Krone das Hotel - Willkommen in Tauberrettersheim, Germany\" \/>\n<meta property=\"og:description\" content=\"Angaben gem\u00e4\u00df \u00a7 5 TMG:Bastian RauppKrone das HotelM\u00fchlenstra\u00dfe 797285 TauberrettersheimTelefon: +49 9338 412Mobil\/WhatsApp: +49 152 02882469E-mail: info@kronedashotel.de Haftungsausschluss (Disclaimer):Haftung f\u00fcr InhalteDie Inhalte dieser Website wurden mit gr\u00f6\u00dfter Sorgfalt erstellt. F\u00fcr die Richtigkeit, Vollst\u00e4ndigkeit und Aktualit\u00e4t der Inhalte k\u00f6nnen wir jedoch keine Gew\u00e4hr \u00fcbernehmen. Als Diensteanbieter sind wir gem\u00e4\u00df \u00a7 7 Abs.1 TMG f\u00fcr eigene Inhalte [&hellip;]\" \/>\n<meta property=\"og:url\" content=\"https:\/\/kronedashotel.de\/de\/impressum\/\" \/>\n<meta property=\"og:site_name\" content=\"Krone das Hotel - Willkommen in Tauberrettersheim, Germany\" \/>\n<meta property=\"article:modified_time\" content=\"2025-03-22T14:42:53+00:00\" \/>\n<meta property=\"og:image\" content=\"https:\/\/kronedashotel.de\/wp-content\/uploads\/2025\/01\/cropped-KRONE-HOTEL2.png\" \/>\n\t<meta property=\"og:image:width\" content=\"512\" \/>\n\t<meta property=\"og:image:height\" content=\"512\" \/>\n\t<meta property=\"og:image:type\" content=\"image\/png\" \/>\n<meta name=\"twitter:card\" content=\"summary_large_image\" \/>\n<meta name=\"twitter:label1\" content=\"Gesch\u00e4tzte Lesezeit\" \/>\n\t<meta name=\"twitter:data1\" content=\"3\u00a0Minuten\" \/>\n<script type=\"application\/ld+json\" class=\"yoast-schema-graph\">{\"@context\":\"https:\/\/schema.org\",\"@graph\":[{\"@type\":\"WebPage\",\"@id\":\"https:\/\/kronedashotel.de\/impressum\/\",\"url\":\"https:\/\/kronedashotel.de\/impressum\/\",\"name\":\"Impressum - Krone das Hotel - Willkommen in Tauberrettersheim, Germany\",\"isPartOf\":{\"@id\":\"https:\/\/kronedashotel.de\/#website\"},\"primaryImageOfPage\":{\"@id\":\"https:\/\/kronedashotel.de\/impressum\/#primaryimage\"},\"image\":{\"@id\":\"https:\/\/kronedashotel.de\/impressum\/#primaryimage\"},\"thumbnailUrl\":\"https:\/\/kronedashotel.de\/wp-content\/uploads\/2025\/01\/cropped-KRONE-HOTEL2-300x300.png\",\"datePublished\":\"2020-03-31T10:41:11+00:00\",\"dateModified\":\"2025-03-22T14:42:53+00:00\",\"breadcrumb\":{\"@id\":\"https:\/\/kronedashotel.de\/impressum\/#breadcrumb\"},\"inLanguage\":\"de\",\"potentialAction\":[{\"@type\":\"ReadAction\",\"target\":[\"https:\/\/kronedashotel.de\/impressum\/\"]}]},{\"@type\":\"ImageObject\",\"inLanguage\":\"de\",\"@id\":\"https:\/\/kronedashotel.de\/impressum\/#primaryimage\",\"url\":\"https:\/\/kronedashotel.de\/wp-content\/uploads\/2025\/01\/cropped-KRONE-HOTEL2-300x300.png\",\"contentUrl\":\"https:\/\/kronedashotel.de\/wp-content\/uploads\/2025\/01\/cropped-KRONE-HOTEL2-300x300.png\"},{\"@type\":\"BreadcrumbList\",\"@id\":\"https:\/\/kronedashotel.de\/impressum\/#breadcrumb\",\"itemListElement\":[{\"@type\":\"ListItem\",\"position\":1,\"name\":\"In\u00edcio\",\"item\":\"https:\/\/kronedashotel.de\/\"},{\"@type\":\"ListItem\",\"position\":2,\"name\":\"Impressum\"}]},{\"@type\":\"WebSite\",\"@id\":\"https:\/\/kronedashotel.de\/#website\",\"url\":\"https:\/\/kronedashotel.de\/\",\"name\":\"Krone das Hotel - Willkommen in Tauberrettersheim, Germany\",\"description\":\"Willkommen in Krone das Hotel \u2013 Wo Tradition auf Gastlichkeit trifft Seit 1861 ist Krone das Hotel ein fester Bestandteil der Geschichte von Tauberrettersheim \u2013 eingebettet in die malerische Weinlandschaft Frankens, entlang der Romantischen Stra\u00dfe. Hier vereinen sich Ruhe, Natur und Kultur zu einem einzigartigen Erlebnis. Im Jahr 2025 begann f\u00fcr unser Haus ein neues Kapitel: Als familiengef\u00fchrtes Hotel legen wir besonderen Wert auf Qualit\u00e4t, Liebe zum Detail und herzliche Gastfreundschaft, damit sich jeder Gast von Anfang an wohlf\u00fchlt.\",\"publisher\":{\"@id\":\"https:\/\/kronedashotel.de\/#organization\"},\"potentialAction\":[{\"@type\":\"SearchAction\",\"target\":{\"@type\":\"EntryPoint\",\"urlTemplate\":\"https:\/\/kronedashotel.de\/?s={search_term_string}\"},\"query-input\":{\"@type\":\"PropertyValueSpecification\",\"valueRequired\":true,\"valueName\":\"search_term_string\"}}],\"inLanguage\":\"de\"},{\"@type\":\"Organization\",\"@id\":\"https:\/\/kronedashotel.de\/#organization\",\"name\":\"Krone das Hotel - Willkommen in Tauberrettersheim, Germany\",\"url\":\"https:\/\/kronedashotel.de\/\",\"logo\":{\"@type\":\"ImageObject\",\"inLanguage\":\"de\",\"@id\":\"https:\/\/kronedashotel.de\/#\/schema\/logo\/image\/\",\"url\":\"https:\/\/kronedashotel.de\/wp-content\/uploads\/2024\/11\/KRONE-HOTEL-1.png\",\"contentUrl\":\"https:\/\/kronedashotel.de\/wp-content\/uploads\/2024\/11\/KRONE-HOTEL-1.png\",\"width\":1168,\"height\":885,\"caption\":\"Krone das Hotel - Willkommen in Tauberrettersheim, Germany\"},\"image\":{\"@id\":\"https:\/\/kronedashotel.de\/#\/schema\/logo\/image\/\"},\"sameAs\":[\"https:\/\/www.instagram.com\/kronedashotel\/\"]}]}<\/script>\n<!-- \/ Yoast SEO plugin. -->","yoast_head_json":{"title":"Impressum - Krone das Hotel - Willkommen in Tauberrettersheim, Germany","robots":{"index":"index","follow":"follow","max-snippet":"max-snippet:-1","max-image-preview":"max-image-preview:large","max-video-preview":"max-video-preview:-1"},"canonical":"https:\/\/kronedashotel.de\/de\/impressum\/","og_locale":"de_DE","og_type":"article","og_title":"Impressum - Krone das Hotel - Willkommen in Tauberrettersheim, Germany","og_description":"Angaben gem\u00e4\u00df \u00a7 5 TMG:Bastian RauppKrone das HotelM\u00fchlenstra\u00dfe 797285 TauberrettersheimTelefon: +49 9338 412Mobil\/WhatsApp: +49 152 02882469E-mail: info@kronedashotel.de Haftungsausschluss (Disclaimer):Haftung f\u00fcr InhalteDie Inhalte dieser Website wurden mit gr\u00f6\u00dfter Sorgfalt erstellt. F\u00fcr die Richtigkeit, Vollst\u00e4ndigkeit und Aktualit\u00e4t der Inhalte k\u00f6nnen wir jedoch keine Gew\u00e4hr \u00fcbernehmen. Als Diensteanbieter sind wir gem\u00e4\u00df \u00a7 7 Abs.1 TMG f\u00fcr eigene Inhalte [&hellip;]","og_url":"https:\/\/kronedashotel.de\/de\/impressum\/","og_site_name":"Krone das Hotel - Willkommen in Tauberrettersheim, Germany","article_modified_time":"2025-03-22T14:42:53+00:00","og_image":[{"width":512,"height":512,"url":"https:\/\/kronedashotel.de\/wp-content\/uploads\/2025\/01\/cropped-KRONE-HOTEL2.png","type":"image\/png"}],"twitter_card":"summary_large_image","twitter_misc":{"Gesch\u00e4tzte Lesezeit":"3\u00a0Minuten"},"schema":{"@context":"https:\/\/schema.org","@graph":[{"@type":"WebPage","@id":"https:\/\/kronedashotel.de\/impressum\/","url":"https:\/\/kronedashotel.de\/impressum\/","name":"Impressum - Krone das Hotel - Willkommen in Tauberrettersheim, Germany","isPartOf":{"@id":"https:\/\/kronedashotel.de\/#website"},"primaryImageOfPage":{"@id":"https:\/\/kronedashotel.de\/impressum\/#primaryimage"},"image":{"@id":"https:\/\/kronedashotel.de\/impressum\/#primaryimage"},"thumbnailUrl":"https:\/\/kronedashotel.de\/wp-content\/uploads\/2025\/01\/cropped-KRONE-HOTEL2-300x300.png","datePublished":"2020-03-31T10:41:11+00:00","dateModified":"2025-03-22T14:42:53+00:00","breadcrumb":{"@id":"https:\/\/kronedashotel.de\/impressum\/#breadcrumb"},"inLanguage":"de","potentialAction":[{"@type":"ReadAction","target":["https:\/\/kronedashotel.de\/impressum\/"]}]},{"@type":"ImageObject","inLanguage":"de","@id":"https:\/\/kronedashotel.de\/impressum\/#primaryimage","url":"https:\/\/kronedashotel.de\/wp-content\/uploads\/2025\/01\/cropped-KRONE-HOTEL2-300x300.png","contentUrl":"https:\/\/kronedashotel.de\/wp-content\/uploads\/2025\/01\/cropped-KRONE-HOTEL2-300x300.png"},{"@type":"BreadcrumbList","@id":"https:\/\/kronedashotel.de\/impressum\/#breadcrumb","itemListElement":[{"@type":"ListItem","position":1,"name":"In\u00edcio","item":"https:\/\/kronedashotel.de\/"},{"@type":"ListItem","position":2,"name":"Impressum"}]},{"@type":"WebSite","@id":"https:\/\/kronedashotel.de\/#website","url":"https:\/\/kronedashotel.de\/","name":"Krone das Hotel - Willkommen in Tauberrettersheim, Germany","description":"Willkommen in Krone das Hotel \u2013 Wo Tradition auf Gastlichkeit trifft Seit 1861 ist Krone das Hotel ein fester Bestandteil der Geschichte von Tauberrettersheim \u2013 eingebettet in die malerische Weinlandschaft Frankens, entlang der Romantischen Stra\u00dfe. Hier vereinen sich Ruhe, Natur und Kultur zu einem einzigartigen Erlebnis. Im Jahr 2025 begann f\u00fcr unser Haus ein neues Kapitel: Als familiengef\u00fchrtes Hotel legen wir besonderen Wert auf Qualit\u00e4t, Liebe zum Detail und herzliche Gastfreundschaft, damit sich jeder Gast von Anfang an wohlf\u00fchlt.","publisher":{"@id":"https:\/\/kronedashotel.de\/#organization"},"potentialAction":[{"@type":"SearchAction","target":{"@type":"EntryPoint","urlTemplate":"https:\/\/kronedashotel.de\/?s={search_term_string}"},"query-input":{"@type":"PropertyValueSpecification","valueRequired":true,"valueName":"search_term_string"}}],"inLanguage":"de"},{"@type":"Organization","@id":"https:\/\/kronedashotel.de\/#organization","name":"Krone das Hotel - Willkommen in Tauberrettersheim, Germany","url":"https:\/\/kronedashotel.de\/","logo":{"@type":"ImageObject","inLanguage":"de","@id":"https:\/\/kronedashotel.de\/#\/schema\/logo\/image\/","url":"https:\/\/kronedashotel.de\/wp-content\/uploads\/2024\/11\/KRONE-HOTEL-1.png","contentUrl":"https:\/\/kronedashotel.de\/wp-content\/uploads\/2024\/11\/KRONE-HOTEL-1.png","width":1168,"height":885,"caption":"Krone das Hotel - Willkommen in Tauberrettersheim, Germany"},"image":{"@id":"https:\/\/kronedashotel.de\/#\/schema\/logo\/image\/"},"sameAs":["https:\/\/www.instagram.com\/kronedashotel\/"]}]}},"_links":{"self":[{"href":"https:\/\/kronedashotel.de\/de\/wp-json\/wp\/v2\/pages\/7066","targetHints":{"allow":["GET"]}}],"collection":[{"href":"https:\/\/kronedashotel.de\/de\/wp-json\/wp\/v2\/pages"}],"about":[{"href":"https:\/\/kronedashotel.de\/de\/wp-json\/wp\/v2\/types\/page"}],"author":[{"embeddable":true,"href":"https:\/\/kronedashotel.de\/de\/wp-json\/wp\/v2\/users\/1"}],"replies":[{"embeddable":true,"href":"https:\/\/kronedashotel.de\/de\/wp-json\/wp\/v2\/comments?post=7066"}],"version-history":[{"count":203,"href":"https:\/\/kronedashotel.de\/de\/wp-json\/wp\/v2\/pages\/7066\/revisions"}],"predecessor-version":[{"id":7321,"href":"https:\/\/kronedashotel.de\/de\/wp-json\/wp\/v2\/pages\/7066\/revisions\/7321"}],"wp:attachment":[{"href":"https:\/\/kronedashotel.de\/de\/wp-json\/wp\/v2\/media?parent=7066"}],"curies":[{"name":"wp","href":"https:\/\/api.w.org\/{rel}","templated":true}]}}