{"id":6490,"date":"2020-03-31T07:41:11","date_gmt":"2020-03-31T10:41:11","guid":{"rendered":"https:\/\/kronedashotel.de\/uber-uns-2\/"},"modified":"2025-02-11T11:59:43","modified_gmt":"2025-02-11T14:59:43","slug":"haus-regeln","status":"publish","type":"page","link":"https:\/\/kronedashotel.de\/de\/haus-regeln\/","title":{"rendered":"Haus-Regeln"},"content":{"rendered":"<div data-elementor-type=\"wp-page\" data-elementor-id=\"6490\" class=\"elementor elementor-6490\">\n\t\t\t\t<div class=\"elementor-element elementor-element-b6848d5 e-flex e-con-boxed e-con e-parent\" data-id=\"b6848d5\" data-element_type=\"container\" data-e-type=\"container\">\n\t\t\t\t\t<div class=\"e-con-inner\">\n\t\t\t\t<div class=\"elementor-element elementor-element-393aa79 elementor-widget elementor-widget-qi_addons_for_elementor_faq\" data-id=\"393aa79\" data-element_type=\"widget\" data-e-type=\"widget\" data-widget_type=\"qi_addons_for_elementor_faq.default\">\n\t\t\t\t<div class=\"elementor-widget-container\">\n\t\t\t\t\t<div class=\"qodef-shortcode qodef-m qodef-qi-faq qodef-qi-clear qodef-behavior--none qodef-layout--simple qodef-style--standard\">\n\t<h3 class=\"qodef-e-title-holder\">\n\t<span class=\"qodef-e-title\">\n\t\t\t\tCheck-in und Check-out\t<\/span>\n\t<\/h3>\n<div class=\"qodef-e-content\">\n\t<div class=\"qodef-e-content-inner\">\n\t\t<ul><li>Check-in-Zeit: Ab 15:00 Uhr.<\/li><li>Check-out-Zeit: Bis 11:00 Uhr.<\/li><li>Sp\u00e4ter Check-out: Auf vorherige Anfrage und gegen Aufpreis m\u00f6glich.<\/li><li>Check-in-Verfahren mit Schl\u00fcsselkasten:<ul><li>Um Ihnen eine flexible Anreise zu erm\u00f6glichen, bieten wir einen kontaktlosen Check-in \u00fcber unseren Schl\u00fcsselkasten an.<\/li><li>Vor Ihrer Anreise erhalten Sie eine Nachricht mit der Nummer des Schl\u00fcsselkastens sowie dem dazugeh\u00f6rigen Code. Mit diesem Code k\u00f6nnen Sie den Schl\u00fcsselkasten \u00f6ffnen. Im Inneren finden Sie Ihren Zimmerschl\u00fcssel sowie ein Check-in-Formular.<\/li><li>Bitte f\u00fcllen Sie das Check-in-Formular aus und geben Sie es am n\u00e4chsten Morgen an der Rezeption ab.<\/li><li>Wir w\u00fcnschen Ihnen eine angenehme Anreise und einen sch\u00f6nen Aufenthalt in unserem Hotel! Bei Fragen stehen wir Ihnen jederzeit gerne zur Verf\u00fcgung.<\/li><\/ul><\/li><li>Check-out-Verfahren an der Rezeption: Vor dem Check out m\u00fcssen alle ausstehenden Zahlungen geleistet werden.<\/li><\/ul>\t<\/div>\n<\/div>\n<h3 class=\"qodef-e-title-holder\">\n\t<span class=\"qodef-e-title\">\n\t\t\t\tZahlung\t<\/span>\n\t<\/h3>\n<div class=\"qodef-e-content\">\n\t<div class=\"qodef-e-content-inner\">\n\t\t<ul><li>Zahlungsmethode: Wir akzeptieren Kredit-\/Debitkarten (Visa, MasterCard) und Barzahlungen.<\/li><li>Zus\u00e4tzliche Geb\u00fchren: Alle Servicegeb\u00fchren und Steuern sind im gesamten Tagespreis enthalten.<\/li><\/ul>\t<\/div>\n<\/div>\n<h3 class=\"qodef-e-title-holder\">\n\t<span class=\"qodef-e-title\">\n\t\t\t\tHaustierrichtlinie\t<\/span>\n\t<\/h3>\n<div class=\"qodef-e-content\">\n\t<div class=\"qodef-e-content-inner\">\n\t\t<ul><li>Tiere sind gegen eine zus\u00e4tzliche Geb\u00fchr willkommen.<\/li><li>Wir bitten den Besitzer, darauf zu achten, dass sein Tier sich r\u00fccksichtsvoll verh\u00e4lt und andere G\u00e4ste nicht st\u00f6rt.<\/li><li>Die Besitzer haften f\u00fcr alle durch die Tiere verursachten Sch\u00e4den.<\/li><li>Zugelassene Bereiche: Tiere sind im Restaurant und Fr\u00fchst\u00fccksraum nicht gestattet, mit Ausnahme von Blindenhunden.<\/li><\/ul>\t<\/div>\n<\/div>\n<h3 class=\"qodef-e-title-holder\">\n\t<span class=\"qodef-e-title\">\n\t\t\t\tNachtruhe\t<\/span>\n\t<\/h3>\n<div class=\"qodef-e-content\">\n\t<div class=\"qodef-e-content-inner\">\n\t\t<ul><li>Zwischen 22:00 und 06:30 Uhr wird um Nachtruhe gebeten.<\/li><li>Partys sind ohne Genehmigung von der Hotelleitung verboten.<\/li><li>Strafen: \u00dcberm\u00e4\u00dfiger L\u00e4rm kann zu Verwarnungen und im Extremfall zum Hausverbot f\u00fchren.<\/li><\/ul>\t<\/div>\n<\/div>\n<h3 class=\"qodef-e-title-holder\">\n\t<span class=\"qodef-e-title\">\n\t\t\t\tNutzung der Einrichtungen\t<\/span>\n\t<\/h3>\n<div class=\"qodef-e-content\">\n\t<div class=\"qodef-e-content-inner\">\n\t\t<ul><li>WLAN: In allen Bereichen des Hotels kostenlos verf\u00fcgbar. Wir bitten die G\u00e4ste, das Netzwerk verantwortungsvoll zu nutzen.<\/li><li>Parken: F\u00fcr G\u00e4ste kostenlos, je nach Verf\u00fcgbarkeit.<\/li><\/ul>\t<\/div>\n<\/div>\n<h3 class=\"qodef-e-title-holder\">\n\t<span class=\"qodef-e-title\">\n\t\t\t\tSicherheitsregeln\t<\/span>\n\t<\/h3>\n<div class=\"qodef-e-content\">\n\t<div class=\"qodef-e-content-inner\">\n\t\t<ul><li>Im Hotel ist das Rauchen verboten. Es stehen ausgewiesene Raucherbereiche zur Verf\u00fcgung.<\/li><li>Kerzen, R\u00e4ucherst\u00e4bchen und andere Gegenst\u00e4nde, die eine Brandgefahr darstellen k\u00f6nnten d\u00fcrfen nicht verwendet werden.<\/li><li>Bewahren Sie Ihre Wertgegenst\u00e4nde sicher auf. Das Hotel \u00fcbernimmt keine Haftung f\u00fcr Wertgegenst\u00e4nde.<\/li><li>Notf\u00e4lle: Das Hotel verf\u00fcgt \u00fcber ausgeschilderte Notausg\u00e4nge und Feuerl\u00f6scher auf allen Etagen. Befolgen Sie im Falle einer Evakuierung die Anweisungen.<\/li><\/ul>\t<\/div>\n<\/div>\n<h3 class=\"qodef-e-title-holder\">\n\t<span class=\"qodef-e-title\">\n\t\t\t\tReinigungsrichtlinie\t<\/span>\n\t<\/h3>\n<div class=\"qodef-e-content\">\n\t<div class=\"qodef-e-content-inner\">\n\t\t<ul><li>Die Zimmerreinigung erfolgt t\u00e4glich, sofern der Gast dies nicht anders w\u00fcnscht. Falls keine Reinigung gew\u00fcnscht wird, bitten wir darum, das \u201eBitte nicht st\u00f6ren\u201c-Schild an der T\u00fcrklinke anzubringen.<\/li><li>Apartments werden nur am Ende des Aufenthalts gereinigt. Eine Zwischenreinigung kann gegen Aufpreis hinzugebucht werden.<p><strong>Handtuch- und Bettw\u00e4schewechse<\/strong>l<\/p><\/li><li>Handt\u00fccher auf dem Boden werden gewechselt, aufgeh\u00e4ngte Handt\u00fccher bleiben zur weiteren Nutzung. Helfen Sie uns, die Umwelt zu schonen.<\/li><li>Bettw\u00e4sche wird alle drei Tage gewechselt.<\/li><li>Falls Sie keinen Wechsel w\u00fcnschen, lassen Sie es uns bitte wissen.<\/li><\/ul>\t<\/div>\n<\/div>\n<h3 class=\"qodef-e-title-holder\">\n\t<span class=\"qodef-e-title\">\n\t\t\t\tSchadensersatz und Haftung\t<\/span>\n\t<\/h3>\n<div class=\"qodef-e-content\">\n\t<div class=\"qodef-e-content-inner\">\n\t\t<ul><li>Sch\u00e4den an Hoteleinrichtungen oder M\u00f6beln gehen zu Lasten des verantwortlichen Gastes.<\/li><li>Bei unangemessenem Verhalten oder Missachtung der Regeln beh\u00e4lt sich das Hotel das Recht vor, den Gast ohne R\u00fcckerstattung zur Abreise aufzufordern.<\/li><li>Besch\u00e4digte oder verlorene Gegenst\u00e4nde: Handt\u00fccher, Bettw\u00e4sche oder Hotelgegenst\u00e4nde d\u00fcrfen nicht aus den Zimmern entfernt werden. Bei Mitnahme oder Besch\u00e4digung wird eine Geb\u00fchr erhoben.<\/li><\/ul>\t<\/div>\n<\/div>\n<\/div>\n\t<script type=\"application\/ld+json\">{\"@context\":\"https:\\\/\\\/schema.org\",\"@type\":\"FAQPage\",\"mainEntity\":[{\"@type\":\"Question\",\"name\":\"Check-in und Check-out\",\"acceptedAnswer\":{\"@type\":\"Answer\",\"text\":\"<ul><li>Check-in-Zeit: Ab 15:00 Uhr.<\\\/li><li>Check-out-Zeit: Bis 11:00 Uhr.<\\\/li><li>Sp\\u00e4ter Check-out: Auf vorherige Anfrage und gegen Aufpreis m\\u00f6glich.<\\\/li><li>Check-in-Verfahren mit Schl\\u00fcsselkasten:<ul><li>Um Ihnen eine flexible Anreise zu erm\\u00f6glichen, bieten wir einen kontaktlosen Check-in \\u00fcber unseren Schl\\u00fcsselkasten an.<\\\/li><li>Vor Ihrer Anreise erhalten Sie eine Nachricht mit der Nummer des Schl\\u00fcsselkastens sowie dem dazugeh\\u00f6rigen Code. Mit diesem Code k\\u00f6nnen Sie den Schl\\u00fcsselkasten \\u00f6ffnen. Im Inneren finden Sie Ihren Zimmerschl\\u00fcssel sowie ein Check-in-Formular.<\\\/li><li>Bitte f\\u00fcllen Sie das Check-in-Formular aus und geben Sie es am n\\u00e4chsten Morgen an der Rezeption ab.<\\\/li><li>Wir w\\u00fcnschen Ihnen eine angenehme Anreise und einen sch\\u00f6nen Aufenthalt in unserem Hotel! Bei Fragen stehen wir Ihnen jederzeit gerne zur Verf\\u00fcgung.<\\\/li><\\\/ul><\\\/li><li>Check-out-Verfahren an der Rezeption: Vor dem Check out m\\u00fcssen alle ausstehenden Zahlungen geleistet werden.<\\\/li><\\\/ul>\"}},{\"@type\":\"Question\",\"name\":\"Zahlung\",\"acceptedAnswer\":{\"@type\":\"Answer\",\"text\":\"<ul><li>Zahlungsmethode: Wir akzeptieren Kredit-\\\/Debitkarten (Visa, MasterCard) und Barzahlungen.<\\\/li><li>Zus\\u00e4tzliche Geb\\u00fchren: Alle Servicegeb\\u00fchren und Steuern sind im gesamten Tagespreis enthalten.<\\\/li><\\\/ul>\"}},{\"@type\":\"Question\",\"name\":\"Haustierrichtlinie\",\"acceptedAnswer\":{\"@type\":\"Answer\",\"text\":\"<ul><li>Tiere sind gegen eine zus\\u00e4tzliche Geb\\u00fchr willkommen.<\\\/li><li>Wir bitten den Besitzer, darauf zu achten, dass sein Tier sich r\\u00fccksichtsvoll verh\\u00e4lt und andere G\\u00e4ste nicht st\\u00f6rt.<\\\/li><li>Die Besitzer haften f\\u00fcr alle durch die Tiere verursachten Sch\\u00e4den.<\\\/li><li>Zugelassene Bereiche: Tiere sind im Restaurant und Fr\\u00fchst\\u00fccksraum nicht gestattet, mit Ausnahme von Blindenhunden.<\\\/li><\\\/ul>\"}},{\"@type\":\"Question\",\"name\":\"Nachtruhe\",\"acceptedAnswer\":{\"@type\":\"Answer\",\"text\":\"<ul><li>Zwischen 22:00 und 06:30 Uhr wird um Nachtruhe gebeten.<\\\/li><li>Partys sind ohne Genehmigung von der Hotelleitung verboten.<\\\/li><li>Strafen: \\u00dcberm\\u00e4\\u00dfiger L\\u00e4rm kann zu Verwarnungen und im Extremfall zum Hausverbot f\\u00fchren.<\\\/li><\\\/ul>\"}},{\"@type\":\"Question\",\"name\":\"Nutzung der Einrichtungen\",\"acceptedAnswer\":{\"@type\":\"Answer\",\"text\":\"<ul><li>WLAN: In allen Bereichen des Hotels kostenlos verf\\u00fcgbar. Wir bitten die G\\u00e4ste, das Netzwerk verantwortungsvoll zu nutzen.<\\\/li><li>Parken: F\\u00fcr G\\u00e4ste kostenlos, je nach Verf\\u00fcgbarkeit.<\\\/li><\\\/ul>\"}},{\"@type\":\"Question\",\"name\":\"Sicherheitsregeln\",\"acceptedAnswer\":{\"@type\":\"Answer\",\"text\":\"<ul><li>Im Hotel ist das Rauchen verboten. Es stehen ausgewiesene Raucherbereiche zur Verf\\u00fcgung.<\\\/li><li>Kerzen, R\\u00e4ucherst\\u00e4bchen und andere Gegenst\\u00e4nde, die eine Brandgefahr darstellen k\\u00f6nnten d\\u00fcrfen nicht verwendet werden.<\\\/li><li>Bewahren Sie Ihre Wertgegenst\\u00e4nde sicher auf. Das Hotel \\u00fcbernimmt keine Haftung f\\u00fcr Wertgegenst\\u00e4nde.<\\\/li><li>Notf\\u00e4lle: Das Hotel verf\\u00fcgt \\u00fcber ausgeschilderte Notausg\\u00e4nge und Feuerl\\u00f6scher auf allen Etagen. Befolgen Sie im Falle einer Evakuierung die Anweisungen.<\\\/li><\\\/ul>\"}},{\"@type\":\"Question\",\"name\":\"Reinigungsrichtlinie\",\"acceptedAnswer\":{\"@type\":\"Answer\",\"text\":\"<ul><li>Die Zimmerreinigung erfolgt t\\u00e4glich, sofern der Gast dies nicht anders w\\u00fcnscht. Falls keine Reinigung gew\\u00fcnscht wird, bitten wir darum, das \\u201eBitte nicht st\\u00f6ren\\u201c-Schild an der T\\u00fcrklinke anzubringen.<\\\/li><li>Apartments werden nur am Ende des Aufenthalts gereinigt. Eine Zwischenreinigung kann gegen Aufpreis hinzugebucht werden.<p><strong>Handtuch- und Bettw\\u00e4schewechse<\\\/strong>l<\\\/p><\\\/li><li>Handt\\u00fccher auf dem Boden werden gewechselt, aufgeh\\u00e4ngte Handt\\u00fccher bleiben zur weiteren Nutzung. Helfen Sie uns, die Umwelt zu schonen.<\\\/li><li>Bettw\\u00e4sche wird alle drei Tage gewechselt.<\\\/li><li>Falls Sie keinen Wechsel w\\u00fcnschen, lassen Sie es uns bitte wissen.<\\\/li><\\\/ul>\"}},{\"@type\":\"Question\",\"name\":\"Schadensersatz und Haftung\",\"acceptedAnswer\":{\"@type\":\"Answer\",\"text\":\"<ul><li>Sch\\u00e4den an Hoteleinrichtungen oder M\\u00f6beln gehen zu Lasten des verantwortlichen Gastes.<\\\/li><li>Bei unangemessenem Verhalten oder Missachtung der Regeln beh\\u00e4lt sich das Hotel das Recht vor, den Gast ohne R\\u00fcckerstattung zur Abreise aufzufordern.<\\\/li><li>Besch\\u00e4digte oder verlorene Gegenst\\u00e4nde: Handt\\u00fccher, Bettw\\u00e4sche oder Hotelgegenst\\u00e4nde d\\u00fcrfen nicht aus den Zimmern entfernt werden. Bei Mitnahme oder Besch\\u00e4digung wird eine Geb\\u00fchr erhoben.<\\\/li><\\\/ul>\"}}]}<\/script>\n\t\t\t\t<\/div>\n\t\t\t\t<\/div>\n\t\t\t\t\t<\/div>\n\t\t\t\t<\/div>\n\t\t<div class=\"elementor-element elementor-element-be150f5 e-flex e-con-boxed e-con e-parent\" data-id=\"be150f5\" data-element_type=\"container\" data-e-type=\"container\">\n\t\t\t\t\t<div class=\"e-con-inner\">\n\t\t\t\t\t<\/div>\n\t\t\t\t<\/div>\n\t\t\t\t<\/div>","protected":false},"excerpt":{"rendered":"<p>Check-in und Check-out Check-in-Zeit: Ab 15:00 Uhr. Check-out-Zeit: Bis 11:00 Uhr. Sp\u00e4ter Check-out: Auf vorherige Anfrage und gegen Aufpreis m\u00f6glich. Check-in-Verfahren mit Schl\u00fcsselkasten: Um Ihnen eine flexible Anreise zu erm\u00f6glichen, bieten wir einen kontaktlosen Check-in \u00fcber unseren Schl\u00fcsselkasten an. Vor Ihrer Anreise erhalten Sie eine Nachricht mit der Nummer des Schl\u00fcsselkastens sowie dem dazugeh\u00f6rigen Code. [&hellip;]<\/p>","protected":false},"author":1,"featured_media":0,"parent":0,"menu_order":0,"comment_status":"closed","ping_status":"closed","template":"","meta":{"footnotes":""},"class_list":["post-6490","page","type-page","status-publish","hentry"],"yoast_head":"<!-- This site is optimized with the Yoast SEO plugin v24.7 - https:\/\/yoast.com\/wordpress\/plugins\/seo\/ -->\n<title>Haus-Regeln - Krone das Hotel - Willkommen in Tauberrettersheim, Germany<\/title>\n<meta name=\"robots\" content=\"index, follow, max-snippet:-1, max-image-preview:large, max-video-preview:-1\" \/>\n<link rel=\"canonical\" href=\"https:\/\/kronedashotel.de\/de\/haus-regeln\/\" \/>\n<meta property=\"og:locale\" content=\"de_DE\" \/>\n<meta property=\"og:type\" content=\"article\" \/>\n<meta property=\"og:title\" content=\"Haus-Regeln - Krone das Hotel - Willkommen in Tauberrettersheim, Germany\" \/>\n<meta property=\"og:description\" content=\"Check-in und Check-out Check-in-Zeit: Ab 15:00 Uhr. Check-out-Zeit: Bis 11:00 Uhr. Sp\u00e4ter Check-out: Auf vorherige Anfrage und gegen Aufpreis m\u00f6glich. Check-in-Verfahren mit Schl\u00fcsselkasten: Um Ihnen eine flexible Anreise zu erm\u00f6glichen, bieten wir einen kontaktlosen Check-in \u00fcber unseren Schl\u00fcsselkasten an. Vor Ihrer Anreise erhalten Sie eine Nachricht mit der Nummer des Schl\u00fcsselkastens sowie dem dazugeh\u00f6rigen Code. [&hellip;]\" \/>\n<meta property=\"og:url\" content=\"https:\/\/kronedashotel.de\/de\/haus-regeln\/\" \/>\n<meta property=\"og:site_name\" content=\"Krone das Hotel - Willkommen in Tauberrettersheim, Germany\" \/>\n<meta property=\"article:modified_time\" content=\"2025-02-11T14:59:43+00:00\" \/>\n<meta name=\"twitter:card\" content=\"summary_large_image\" \/>\n<meta name=\"twitter:label1\" content=\"Gesch\u00e4tzte Lesezeit\" \/>\n\t<meta name=\"twitter:data1\" content=\"4\u00a0Minuten\" \/>\n<script type=\"application\/ld+json\" class=\"yoast-schema-graph\">{\"@context\":\"https:\/\/schema.org\",\"@graph\":[{\"@type\":\"WebPage\",\"@id\":\"https:\/\/kronedashotel.de\/haus-regeln\/\",\"url\":\"https:\/\/kronedashotel.de\/haus-regeln\/\",\"name\":\"Haus-Regeln - Krone das Hotel - Willkommen in Tauberrettersheim, Germany\",\"isPartOf\":{\"@id\":\"https:\/\/kronedashotel.de\/#website\"},\"datePublished\":\"2020-03-31T10:41:11+00:00\",\"dateModified\":\"2025-02-11T14:59:43+00:00\",\"breadcrumb\":{\"@id\":\"https:\/\/kronedashotel.de\/haus-regeln\/#breadcrumb\"},\"inLanguage\":\"de\",\"potentialAction\":[{\"@type\":\"ReadAction\",\"target\":[\"https:\/\/kronedashotel.de\/haus-regeln\/\"]}]},{\"@type\":\"BreadcrumbList\",\"@id\":\"https:\/\/kronedashotel.de\/haus-regeln\/#breadcrumb\",\"itemListElement\":[{\"@type\":\"ListItem\",\"position\":1,\"name\":\"In\u00edcio\",\"item\":\"https:\/\/kronedashotel.de\/\"},{\"@type\":\"ListItem\",\"position\":2,\"name\":\"Haus-Regeln\"}]},{\"@type\":\"WebSite\",\"@id\":\"https:\/\/kronedashotel.de\/#website\",\"url\":\"https:\/\/kronedashotel.de\/\",\"name\":\"Krone das Hotel - Willkommen in Tauberrettersheim, Germany\",\"description\":\"Willkommen in Krone das Hotel \u2013 Wo Tradition auf Gastlichkeit trifft Seit 1861 ist Krone das Hotel ein fester Bestandteil der Geschichte von Tauberrettersheim \u2013 eingebettet in die malerische Weinlandschaft Frankens, entlang der Romantischen Stra\u00dfe. Hier vereinen sich Ruhe, Natur und Kultur zu einem einzigartigen Erlebnis. Im Jahr 2025 begann f\u00fcr unser Haus ein neues Kapitel: Als familiengef\u00fchrtes Hotel legen wir besonderen Wert auf Qualit\u00e4t, Liebe zum Detail und herzliche Gastfreundschaft, damit sich jeder Gast von Anfang an wohlf\u00fchlt.\",\"publisher\":{\"@id\":\"https:\/\/kronedashotel.de\/#organization\"},\"potentialAction\":[{\"@type\":\"SearchAction\",\"target\":{\"@type\":\"EntryPoint\",\"urlTemplate\":\"https:\/\/kronedashotel.de\/?s={search_term_string}\"},\"query-input\":{\"@type\":\"PropertyValueSpecification\",\"valueRequired\":true,\"valueName\":\"search_term_string\"}}],\"inLanguage\":\"de\"},{\"@type\":\"Organization\",\"@id\":\"https:\/\/kronedashotel.de\/#organization\",\"name\":\"Krone das Hotel - Willkommen in Tauberrettersheim, Germany\",\"url\":\"https:\/\/kronedashotel.de\/\",\"logo\":{\"@type\":\"ImageObject\",\"inLanguage\":\"de\",\"@id\":\"https:\/\/kronedashotel.de\/#\/schema\/logo\/image\/\",\"url\":\"https:\/\/kronedashotel.de\/wp-content\/uploads\/2024\/11\/KRONE-HOTEL-1.png\",\"contentUrl\":\"https:\/\/kronedashotel.de\/wp-content\/uploads\/2024\/11\/KRONE-HOTEL-1.png\",\"width\":1168,\"height\":885,\"caption\":\"Krone das Hotel - Willkommen in Tauberrettersheim, Germany\"},\"image\":{\"@id\":\"https:\/\/kronedashotel.de\/#\/schema\/logo\/image\/\"},\"sameAs\":[\"https:\/\/www.instagram.com\/kronedashotel\/\"]}]}<\/script>\n<!-- \/ Yoast SEO plugin. -->","yoast_head_json":{"title":"Haus-Regeln - Krone das Hotel - Willkommen in Tauberrettersheim, Germany","robots":{"index":"index","follow":"follow","max-snippet":"max-snippet:-1","max-image-preview":"max-image-preview:large","max-video-preview":"max-video-preview:-1"},"canonical":"https:\/\/kronedashotel.de\/de\/haus-regeln\/","og_locale":"de_DE","og_type":"article","og_title":"Haus-Regeln - Krone das Hotel - Willkommen in Tauberrettersheim, Germany","og_description":"Check-in und Check-out Check-in-Zeit: Ab 15:00 Uhr. Check-out-Zeit: Bis 11:00 Uhr. Sp\u00e4ter Check-out: Auf vorherige Anfrage und gegen Aufpreis m\u00f6glich. Check-in-Verfahren mit Schl\u00fcsselkasten: Um Ihnen eine flexible Anreise zu erm\u00f6glichen, bieten wir einen kontaktlosen Check-in \u00fcber unseren Schl\u00fcsselkasten an. Vor Ihrer Anreise erhalten Sie eine Nachricht mit der Nummer des Schl\u00fcsselkastens sowie dem dazugeh\u00f6rigen Code. [&hellip;]","og_url":"https:\/\/kronedashotel.de\/de\/haus-regeln\/","og_site_name":"Krone das Hotel - Willkommen in Tauberrettersheim, Germany","article_modified_time":"2025-02-11T14:59:43+00:00","twitter_card":"summary_large_image","twitter_misc":{"Gesch\u00e4tzte Lesezeit":"4\u00a0Minuten"},"schema":{"@context":"https:\/\/schema.org","@graph":[{"@type":"WebPage","@id":"https:\/\/kronedashotel.de\/haus-regeln\/","url":"https:\/\/kronedashotel.de\/haus-regeln\/","name":"Haus-Regeln - Krone das Hotel - Willkommen in Tauberrettersheim, Germany","isPartOf":{"@id":"https:\/\/kronedashotel.de\/#website"},"datePublished":"2020-03-31T10:41:11+00:00","dateModified":"2025-02-11T14:59:43+00:00","breadcrumb":{"@id":"https:\/\/kronedashotel.de\/haus-regeln\/#breadcrumb"},"inLanguage":"de","potentialAction":[{"@type":"ReadAction","target":["https:\/\/kronedashotel.de\/haus-regeln\/"]}]},{"@type":"BreadcrumbList","@id":"https:\/\/kronedashotel.de\/haus-regeln\/#breadcrumb","itemListElement":[{"@type":"ListItem","position":1,"name":"In\u00edcio","item":"https:\/\/kronedashotel.de\/"},{"@type":"ListItem","position":2,"name":"Haus-Regeln"}]},{"@type":"WebSite","@id":"https:\/\/kronedashotel.de\/#website","url":"https:\/\/kronedashotel.de\/","name":"Krone das Hotel - Willkommen in Tauberrettersheim, Germany","description":"Willkommen in Krone das Hotel \u2013 Wo Tradition auf Gastlichkeit trifft Seit 1861 ist Krone das Hotel ein fester Bestandteil der Geschichte von Tauberrettersheim \u2013 eingebettet in die malerische Weinlandschaft Frankens, entlang der Romantischen Stra\u00dfe. Hier vereinen sich Ruhe, Natur und Kultur zu einem einzigartigen Erlebnis. Im Jahr 2025 begann f\u00fcr unser Haus ein neues Kapitel: Als familiengef\u00fchrtes Hotel legen wir besonderen Wert auf Qualit\u00e4t, Liebe zum Detail und herzliche Gastfreundschaft, damit sich jeder Gast von Anfang an wohlf\u00fchlt.","publisher":{"@id":"https:\/\/kronedashotel.de\/#organization"},"potentialAction":[{"@type":"SearchAction","target":{"@type":"EntryPoint","urlTemplate":"https:\/\/kronedashotel.de\/?s={search_term_string}"},"query-input":{"@type":"PropertyValueSpecification","valueRequired":true,"valueName":"search_term_string"}}],"inLanguage":"de"},{"@type":"Organization","@id":"https:\/\/kronedashotel.de\/#organization","name":"Krone das Hotel - Willkommen in Tauberrettersheim, Germany","url":"https:\/\/kronedashotel.de\/","logo":{"@type":"ImageObject","inLanguage":"de","@id":"https:\/\/kronedashotel.de\/#\/schema\/logo\/image\/","url":"https:\/\/kronedashotel.de\/wp-content\/uploads\/2024\/11\/KRONE-HOTEL-1.png","contentUrl":"https:\/\/kronedashotel.de\/wp-content\/uploads\/2024\/11\/KRONE-HOTEL-1.png","width":1168,"height":885,"caption":"Krone das Hotel - Willkommen in Tauberrettersheim, Germany"},"image":{"@id":"https:\/\/kronedashotel.de\/#\/schema\/logo\/image\/"},"sameAs":["https:\/\/www.instagram.com\/kronedashotel\/"]}]}},"_links":{"self":[{"href":"https:\/\/kronedashotel.de\/de\/wp-json\/wp\/v2\/pages\/6490","targetHints":{"allow":["GET"]}}],"collection":[{"href":"https:\/\/kronedashotel.de\/de\/wp-json\/wp\/v2\/pages"}],"about":[{"href":"https:\/\/kronedashotel.de\/de\/wp-json\/wp\/v2\/types\/page"}],"author":[{"embeddable":true,"href":"https:\/\/kronedashotel.de\/de\/wp-json\/wp\/v2\/users\/1"}],"replies":[{"embeddable":true,"href":"https:\/\/kronedashotel.de\/de\/wp-json\/wp\/v2\/comments?post=6490"}],"version-history":[{"count":201,"href":"https:\/\/kronedashotel.de\/de\/wp-json\/wp\/v2\/pages\/6490\/revisions"}],"predecessor-version":[{"id":7048,"href":"https:\/\/kronedashotel.de\/de\/wp-json\/wp\/v2\/pages\/6490\/revisions\/7048"}],"wp:attachment":[{"href":"https:\/\/kronedashotel.de\/de\/wp-json\/wp\/v2\/media?parent=6490"}],"curies":[{"name":"wp","href":"https:\/\/api.w.org\/{rel}","templated":true}]}}