{"id":422,"date":"2020-03-20T11:50:16","date_gmt":"2020-03-20T11:50:16","guid":{"rendered":"https:\/\/alloggio.qodeinteractive.com\/?page_id=422"},"modified":"2025-04-07T11:02:38","modified_gmt":"2025-04-07T14:02:38","slug":"veranstaltungen","status":"publish","type":"page","link":"https:\/\/kronedashotel.de\/de\/veranstaltungen\/","title":{"rendered":"Veranstaltungen"},"content":{"rendered":"<div data-elementor-type=\"wp-page\" data-elementor-id=\"422\" class=\"elementor elementor-422\">\n\t\t\t\t\t\t<section class=\"elementor-section elementor-top-section elementor-element elementor-element-28572c5 elementor-section-full_width elementor-section-height-default elementor-section-height-default qodef-elementor-content-no\" data-id=\"28572c5\" data-element_type=\"section\" data-e-type=\"section\">\n\t\t\t\t\t\t<div class=\"elementor-container elementor-column-gap-no\">\n\t\t\t\t\t<div class=\"elementor-column elementor-col-100 elementor-top-column elementor-element elementor-element-11357d8\" data-id=\"11357d8\" data-element_type=\"column\" data-e-type=\"column\">\n\t\t\t<div class=\"elementor-widget-wrap elementor-element-populated\">\n\t\t\t\t\t\t<div class=\"elementor-element elementor-element-939d475 elementor-widget elementor-widget-alloggio_core_blog_list\" data-id=\"939d475\" data-element_type=\"widget\" data-e-type=\"widget\" data-widget_type=\"alloggio_core_blog_list.default\">\n\t\t\t\t<div class=\"elementor-widget-container\">\n\t\t\t\t\t<div class=\"qodef-shortcode qodef-m  qodef-blog qodef--list qodef-item-layout--standard   qodef-grid qodef-layout--columns  qodef-gutter--normal qodef-col-num--1 qodef-item-layout--standard qodef--no-bottom-space qodef-pagination--off qodef-responsive--predefined\" data-options=\"{&quot;plugin&quot;:&quot;alloggio_core&quot;,&quot;module&quot;:&quot;blog\\\/shortcodes&quot;,&quot;shortcode&quot;:&quot;blog-list&quot;,&quot;post_type&quot;:&quot;post&quot;,&quot;next_page&quot;:&quot;2&quot;,&quot;max_pages_num&quot;:1,&quot;behavior&quot;:&quot;columns&quot;,&quot;images_proportion&quot;:&quot;full&quot;,&quot;columns&quot;:&quot;1&quot;,&quot;columns_responsive&quot;:&quot;predefined&quot;,&quot;space&quot;:&quot;normal&quot;,&quot;posts_per_page&quot;:&quot;6&quot;,&quot;orderby&quot;:&quot;date&quot;,&quot;order&quot;:&quot;DESC&quot;,&quot;additional_params&quot;:&quot;tax&quot;,&quot;tax&quot;:&quot;category&quot;,&quot;layout&quot;:&quot;standard&quot;,&quot;title_tag&quot;:&quot;h3&quot;,&quot;enable_animation&quot;:&quot;no&quot;,&quot;enable_author_info&quot;:&quot;no&quot;,&quot;enable_read_more&quot;:&quot;yes&quot;,&quot;excerpt_length&quot;:&quot;397&quot;,&quot;enable_filter&quot;:&quot;no&quot;,&quot;pagination_type&quot;:&quot;no-pagination&quot;,&quot;object_class_name&quot;:&quot;AlloggioCoreBlogListShortcode&quot;,&quot;taxonomy_filter&quot;:&quot;category&quot;,&quot;space_value&quot;:15}\">\n\t\t<div class=\"qodef-grid-inner clear\">\n\t\t<article class=\"qodef-e qodef-blog-item qodef-grid-item qodef-item--full post-7413 post type-post status-publish format-standard hentry category-nicht-kategorisiert\">\n\t<div class=\"qodef-e-inner\">\n\t\t<div class=\"qodef-e-media\">\n\t\t<div class=\"qodef-e-media-image\">\n\t\t<a itemprop=\"url\" href=\"https:\/\/kronedashotel.de\/de\/2025\/03\/19\/faschingsumzug-in-tauberrettersheim-2\/\">\n\t\t\t<img fetchpriority=\"high\" decoding=\"async\" width=\"1440\" height=\"1440\" src=\"https:\/\/kronedashotel.de\/wp-content\/uploads\/2025\/04\/Roettingen09.jpg\" class=\"attachment-full size-full\" alt=\"\" srcset=\"https:\/\/kronedashotel.de\/wp-content\/uploads\/2025\/04\/Roettingen09.jpg 1440w, https:\/\/kronedashotel.de\/wp-content\/uploads\/2025\/04\/Roettingen09-300x300.jpg 300w, https:\/\/kronedashotel.de\/wp-content\/uploads\/2025\/04\/Roettingen09-1024x1024.jpg 1024w, https:\/\/kronedashotel.de\/wp-content\/uploads\/2025\/04\/Roettingen09-150x150.jpg 150w, https:\/\/kronedashotel.de\/wp-content\/uploads\/2025\/04\/Roettingen09-768x768.jpg 768w, https:\/\/kronedashotel.de\/wp-content\/uploads\/2025\/04\/Roettingen09-12x12.jpg 12w, https:\/\/kronedashotel.de\/wp-content\/uploads\/2025\/04\/Roettingen09-650x650.jpg 650w, https:\/\/kronedashotel.de\/wp-content\/uploads\/2025\/04\/Roettingen09-1300x1300.jpg 1300w, https:\/\/kronedashotel.de\/wp-content\/uploads\/2025\/04\/Roettingen09-600x600.jpg 600w, https:\/\/kronedashotel.de\/wp-content\/uploads\/2025\/04\/Roettingen09-100x100.jpg 100w\" sizes=\"(max-width: 1440px) 100vw, 1440px\" \/>\t\t<\/a>\n\t<\/div>\n<\/div>\t\t<div class=\"qodef-e-content\">\n\t\t\t<div class=\"qodef-e-info qodef-info--top\">\n\t\t\t\t<div itemprop=\"dateCreated\" class=\"qodef-e-info-item qodef-e-info-date entry-date\">\n\t<a itemprop=\"url\" href=\"https:\/\/kronedashotel.de\/de\/2025\/03\/\">19\/03\/2025<\/a>\n\t<meta itemprop=\"interactionCount\" content=\"UserComments: 0\"\/>\n<\/div>\t\t\t<\/div>\n\t\t\t<div class=\"qodef-e-text\">\n\t\t\t\t<h3 itemprop=\"name\" class=\"qodef-e-title entry-title\" >\n\t<a itemprop=\"url\" class=\"qodef-e-title-link\" href=\"https:\/\/kronedashotel.de\/de\/2025\/03\/19\/faschingsumzug-in-tauberrettersheim-2\/\">\n\t\tR\u00f6ttingen &#8211; Unumg\u00e4ngliche Tour bei Tauberrettersheim\t<\/a>\n<\/h3>\t\t<p itemprop=\"description\" class=\"qodef-e-excerpt\">Heute wollen wir einen Touristenbeitrag \u00fcber eine Stadt in unserer N\u00e4he verfassen: R\u00f6ttingen (4 km entfernt von Tauberrettersheim): Im s\u00fcdlichsten Winkel der unterfr\u00e4nkischen Landschaft, im Lieblichen Taubertal, liegt R\u00f6ttingen. Das \u00fcber 900 Jahre alte St\u00e4dtchen ist eine der Perlen an der Romantischen Stra\u00dfe und staatlich anerkannter Erholungsort. Malerisches, historisches Ambiente, un<\/p>\n\t\t\t\t<\/div>\n\t\t\t\t\t\t\t<div class=\"qodef-e-info qodef-info--bottom\">\n\t\t\t\t\t\t<div class=\"qodef-e-read-more\">\n\t\t<a class=\"qodef-shortcode qodef-m  qodef-button qodef-layout--textual  qodef-html--link\" href=\"https:\/\/kronedashotel.de\/de\/2025\/03\/19\/faschingsumzug-in-tauberrettersheim-2\/\" target=\"_self\"  >\t<span class=\"qodef-m-text\">Read More<\/span>\t<span class=\"qodef-m-plus\"><\/span><\/a>\t<\/div>\n\t\t\t\t<\/div>\n\t\t\t\t\t<\/div>\n\t<\/div>\n<\/article><article class=\"qodef-e qodef-blog-item qodef-grid-item qodef-item--full post-7347 post type-post status-publish format-standard hentry category-nicht-kategorisiert\">\n\t<div class=\"qodef-e-inner\">\n\t\t<div class=\"qodef-e-media\">\n\t\t<div class=\"qodef-e-media-image\">\n\t\t<a itemprop=\"url\" href=\"https:\/\/kronedashotel.de\/de\/2025\/03\/19\/besuchen-sie-tauberrettersheim\/\">\n\t\t\t<img decoding=\"async\" width=\"1600\" height=\"900\" src=\"https:\/\/kronedashotel.de\/wp-content\/uploads\/2025\/03\/02.jpg\" class=\"attachment-full size-full\" alt=\"\" srcset=\"https:\/\/kronedashotel.de\/wp-content\/uploads\/2025\/03\/02.jpg 1600w, https:\/\/kronedashotel.de\/wp-content\/uploads\/2025\/03\/02-300x169.jpg 300w, https:\/\/kronedashotel.de\/wp-content\/uploads\/2025\/03\/02-1024x576.jpg 1024w, https:\/\/kronedashotel.de\/wp-content\/uploads\/2025\/03\/02-768x432.jpg 768w, https:\/\/kronedashotel.de\/wp-content\/uploads\/2025\/03\/02-1536x864.jpg 1536w, https:\/\/kronedashotel.de\/wp-content\/uploads\/2025\/03\/02-18x10.jpg 18w, https:\/\/kronedashotel.de\/wp-content\/uploads\/2025\/03\/02-600x338.jpg 600w\" sizes=\"(max-width: 1600px) 100vw, 1600px\" \/>\t\t<\/a>\n\t<\/div>\n<\/div>\t\t<div class=\"qodef-e-content\">\n\t\t\t<div class=\"qodef-e-info qodef-info--top\">\n\t\t\t\t<div itemprop=\"dateCreated\" class=\"qodef-e-info-item qodef-e-info-date entry-date\">\n\t<a itemprop=\"url\" href=\"https:\/\/kronedashotel.de\/de\/2025\/03\/\">19\/03\/2025<\/a>\n\t<meta itemprop=\"interactionCount\" content=\"UserComments: 0\"\/>\n<\/div>\t\t\t<\/div>\n\t\t\t<div class=\"qodef-e-text\">\n\t\t\t\t<h3 itemprop=\"name\" class=\"qodef-e-title entry-title\" >\n\t<a itemprop=\"url\" class=\"qodef-e-title-link\" href=\"https:\/\/kronedashotel.de\/de\/2025\/03\/19\/besuchen-sie-tauberrettersheim\/\">\n\t\tBesuchen Sie Tauberrettersheim\t<\/a>\n<\/h3>\t\t<p itemprop=\"description\" class=\"qodef-e-excerpt\">Tauberrettersheim, der Weinort im Lieblichen Taubertal, liegt an der Landesgrenze zwischen Bayern und Baden W\u00fcrttemberg. Das Ortsbild wird gepr\u00e4gt durch die einzige noch erhaltene, von Balthasar Neumann gebaute Steinbr\u00fccke. Den Mittelpunkt des H\u00e4ckerdorfes bildet die St. Vitus Kirche. Beim Spaziergang durch den Ort finden Sie typisch fr\u00e4nkische H\u00e4user mit Blumenschmuck und liebevoll angel<\/p>\n\t\t\t\t<\/div>\n\t\t\t\t\t\t\t<div class=\"qodef-e-info qodef-info--bottom\">\n\t\t\t\t\t\t<div class=\"qodef-e-read-more\">\n\t\t<a class=\"qodef-shortcode qodef-m  qodef-button qodef-layout--textual  qodef-html--link\" href=\"https:\/\/kronedashotel.de\/de\/2025\/03\/19\/besuchen-sie-tauberrettersheim\/\" target=\"_self\"  >\t<span class=\"qodef-m-text\">Read More<\/span>\t<span class=\"qodef-m-plus\"><\/span><\/a>\t<\/div>\n\t\t\t\t<\/div>\n\t\t\t\t\t<\/div>\n\t<\/div>\n<\/article><article class=\"qodef-e qodef-blog-item qodef-grid-item qodef-item--full post-7290 post type-post status-publish format-standard hentry category-nicht-kategorisiert\">\n\t<div class=\"qodef-e-inner\">\n\t\t<div class=\"qodef-e-media\">\n\t\t<div class=\"qodef-e-media-image\">\n\t\t<a itemprop=\"url\" href=\"https:\/\/kronedashotel.de\/de\/2025\/03\/19\/faschingsumzug-in-tauberrettersheim\/\">\n\t\t\t<img decoding=\"async\" width=\"2000\" height=\"924\" src=\"https:\/\/kronedashotel.de\/wp-content\/uploads\/2025\/03\/Imagem-do-WhatsApp-de-2025-03-17-as-18.44.44_e178b264.jpg\" class=\"attachment-full size-full\" alt=\"\" srcset=\"https:\/\/kronedashotel.de\/wp-content\/uploads\/2025\/03\/Imagem-do-WhatsApp-de-2025-03-17-as-18.44.44_e178b264.jpg 2000w, https:\/\/kronedashotel.de\/wp-content\/uploads\/2025\/03\/Imagem-do-WhatsApp-de-2025-03-17-as-18.44.44_e178b264-300x139.jpg 300w, https:\/\/kronedashotel.de\/wp-content\/uploads\/2025\/03\/Imagem-do-WhatsApp-de-2025-03-17-as-18.44.44_e178b264-1024x473.jpg 1024w, https:\/\/kronedashotel.de\/wp-content\/uploads\/2025\/03\/Imagem-do-WhatsApp-de-2025-03-17-as-18.44.44_e178b264-768x355.jpg 768w, https:\/\/kronedashotel.de\/wp-content\/uploads\/2025\/03\/Imagem-do-WhatsApp-de-2025-03-17-as-18.44.44_e178b264-1536x710.jpg 1536w, https:\/\/kronedashotel.de\/wp-content\/uploads\/2025\/03\/Imagem-do-WhatsApp-de-2025-03-17-as-18.44.44_e178b264-18x8.jpg 18w, https:\/\/kronedashotel.de\/wp-content\/uploads\/2025\/03\/Imagem-do-WhatsApp-de-2025-03-17-as-18.44.44_e178b264-600x277.jpg 600w\" sizes=\"(max-width: 2000px) 100vw, 2000px\" \/>\t\t<\/a>\n\t<\/div>\n<\/div>\t\t<div class=\"qodef-e-content\">\n\t\t\t<div class=\"qodef-e-info qodef-info--top\">\n\t\t\t\t<div itemprop=\"dateCreated\" class=\"qodef-e-info-item qodef-e-info-date entry-date\">\n\t<a itemprop=\"url\" href=\"https:\/\/kronedashotel.de\/de\/2025\/03\/\">19\/03\/2025<\/a>\n\t<meta itemprop=\"interactionCount\" content=\"UserComments: 0\"\/>\n<\/div>\t\t\t<\/div>\n\t\t\t<div class=\"qodef-e-text\">\n\t\t\t\t<h3 itemprop=\"name\" class=\"qodef-e-title entry-title\" >\n\t<a itemprop=\"url\" class=\"qodef-e-title-link\" href=\"https:\/\/kronedashotel.de\/de\/2025\/03\/19\/faschingsumzug-in-tauberrettersheim\/\">\n\t\tFaschingsumzug in Tauberrettersheim\t<\/a>\n<\/h3>\t\t<p itemprop=\"description\" class=\"qodef-e-excerpt\">Vom Fenster unseres Hotels aus hatten wir einen wundersch\u00f6nen Blick auf den Faschingsumzug. In Tauberrettersheim wird Fasching traditionell mit einem Umzug mit Musik und Spa\u00df gefeiert. Die umliegenden St\u00e4dte und D\u00f6rfer bringen ihre kreativen Wagen zur Parade in Tauberrettersheim.<\/p>\n\t\t\t\t<\/div>\n\t\t\t\t\t\t\t<div class=\"qodef-e-info qodef-info--bottom\">\n\t\t\t\t\t\t<div class=\"qodef-e-read-more\">\n\t\t<a class=\"qodef-shortcode qodef-m  qodef-button qodef-layout--textual  qodef-html--link\" href=\"https:\/\/kronedashotel.de\/de\/2025\/03\/19\/faschingsumzug-in-tauberrettersheim\/\" target=\"_self\"  >\t<span class=\"qodef-m-text\">Read More<\/span>\t<span class=\"qodef-m-plus\"><\/span><\/a>\t<\/div>\n\t\t\t\t<\/div>\n\t\t\t\t\t<\/div>\n\t<\/div>\n<\/article>\t<\/div>\n\t<\/div>\t\t\t\t<\/div>\n\t\t\t\t<\/div>\n\t\t\t\t\t<\/div>\n\t\t<\/div>\n\t\t\t\t\t<\/div>\n\t\t<\/section>\n\t\t\t\t<\/div>","protected":false},"excerpt":{"rendered":"<p>19\/03\/2025 R\u00f6ttingen &#8211; Unumg\u00e4ngliche Tour bei Tauberrettersheim Heute wollen wir einen Touristenbeitrag \u00fcber eine Stadt in unserer N\u00e4he verfassen: R\u00f6ttingen (4 km entfernt von Tauberrettersheim): Im s\u00fcdlichsten Winkel der unterfr\u00e4nkischen Landschaft, im Lieblichen Taubertal, liegt R\u00f6ttingen. Das \u00fcber 900 Jahre alte St\u00e4dtchen ist eine der Perlen an der Romantischen Stra\u00dfe und staatlich anerkannter Erholungsort. Malerisches, [&hellip;]<\/p>","protected":false},"author":1,"featured_media":0,"parent":0,"menu_order":0,"comment_status":"closed","ping_status":"closed","template":"","meta":{"footnotes":""},"class_list":["post-422","page","type-page","status-publish","hentry"],"yoast_head":"<!-- This site is optimized with the Yoast SEO plugin v24.7 - https:\/\/yoast.com\/wordpress\/plugins\/seo\/ -->\n<title>Veranstaltungen - Krone das Hotel - Willkommen in Tauberrettersheim, Germany<\/title>\n<meta name=\"robots\" content=\"index, follow, max-snippet:-1, max-image-preview:large, max-video-preview:-1\" \/>\n<link rel=\"canonical\" href=\"https:\/\/kronedashotel.de\/de\/veranstaltungen\/\" \/>\n<meta property=\"og:locale\" content=\"de_DE\" \/>\n<meta property=\"og:type\" content=\"article\" \/>\n<meta property=\"og:title\" content=\"Veranstaltungen - Krone das Hotel - Willkommen in Tauberrettersheim, Germany\" \/>\n<meta property=\"og:description\" content=\"19\/03\/2025 R\u00f6ttingen &#8211; Unumg\u00e4ngliche Tour bei Tauberrettersheim Heute wollen wir einen Touristenbeitrag \u00fcber eine Stadt in unserer N\u00e4he verfassen: R\u00f6ttingen (4 km entfernt von Tauberrettersheim): Im s\u00fcdlichsten Winkel der unterfr\u00e4nkischen Landschaft, im Lieblichen Taubertal, liegt R\u00f6ttingen. Das \u00fcber 900 Jahre alte St\u00e4dtchen ist eine der Perlen an der Romantischen Stra\u00dfe und staatlich anerkannter Erholungsort. Malerisches, [&hellip;]\" \/>\n<meta property=\"og:url\" content=\"https:\/\/kronedashotel.de\/de\/veranstaltungen\/\" \/>\n<meta property=\"og:site_name\" content=\"Krone das Hotel - Willkommen in Tauberrettersheim, Germany\" \/>\n<meta property=\"article:modified_time\" content=\"2025-04-07T14:02:38+00:00\" \/>\n<meta property=\"og:image\" content=\"https:\/\/kronedashotel.de\/wp-content\/uploads\/2025\/04\/Roettingen09.jpg\" \/>\n<meta name=\"twitter:card\" content=\"summary_large_image\" \/>\n<meta name=\"twitter:label1\" content=\"Gesch\u00e4tzte Lesezeit\" \/>\n\t<meta name=\"twitter:data1\" content=\"2\u00a0Minuten\" \/>\n<script type=\"application\/ld+json\" class=\"yoast-schema-graph\">{\"@context\":\"https:\/\/schema.org\",\"@graph\":[{\"@type\":\"WebPage\",\"@id\":\"https:\/\/kronedashotel.de\/veranstaltungen\/\",\"url\":\"https:\/\/kronedashotel.de\/veranstaltungen\/\",\"name\":\"Veranstaltungen - Krone das Hotel - Willkommen in Tauberrettersheim, Germany\",\"isPartOf\":{\"@id\":\"https:\/\/kronedashotel.de\/#website\"},\"primaryImageOfPage\":{\"@id\":\"https:\/\/kronedashotel.de\/veranstaltungen\/#primaryimage\"},\"image\":{\"@id\":\"https:\/\/kronedashotel.de\/veranstaltungen\/#primaryimage\"},\"thumbnailUrl\":\"https:\/\/kronedashotel.de\/wp-content\/uploads\/2025\/04\/Roettingen09.jpg\",\"datePublished\":\"2020-03-20T11:50:16+00:00\",\"dateModified\":\"2025-04-07T14:02:38+00:00\",\"breadcrumb\":{\"@id\":\"https:\/\/kronedashotel.de\/veranstaltungen\/#breadcrumb\"},\"inLanguage\":\"de\",\"potentialAction\":[{\"@type\":\"ReadAction\",\"target\":[\"https:\/\/kronedashotel.de\/veranstaltungen\/\"]}]},{\"@type\":\"ImageObject\",\"inLanguage\":\"de\",\"@id\":\"https:\/\/kronedashotel.de\/veranstaltungen\/#primaryimage\",\"url\":\"https:\/\/kronedashotel.de\/wp-content\/uploads\/2025\/04\/Roettingen09.jpg\",\"contentUrl\":\"https:\/\/kronedashotel.de\/wp-content\/uploads\/2025\/04\/Roettingen09.jpg\"},{\"@type\":\"BreadcrumbList\",\"@id\":\"https:\/\/kronedashotel.de\/veranstaltungen\/#breadcrumb\",\"itemListElement\":[{\"@type\":\"ListItem\",\"position\":1,\"name\":\"In\u00edcio\",\"item\":\"https:\/\/kronedashotel.de\/\"},{\"@type\":\"ListItem\",\"position\":2,\"name\":\"Veranstaltungen\"}]},{\"@type\":\"WebSite\",\"@id\":\"https:\/\/kronedashotel.de\/#website\",\"url\":\"https:\/\/kronedashotel.de\/\",\"name\":\"Krone das Hotel - Willkommen in Tauberrettersheim, Germany\",\"description\":\"Willkommen in Krone das Hotel \u2013 Wo Tradition auf Gastlichkeit trifft Seit 1861 ist Krone das Hotel ein fester Bestandteil der Geschichte von Tauberrettersheim \u2013 eingebettet in die malerische Weinlandschaft Frankens, entlang der Romantischen Stra\u00dfe. Hier vereinen sich Ruhe, Natur und Kultur zu einem einzigartigen Erlebnis. Im Jahr 2025 begann f\u00fcr unser Haus ein neues Kapitel: Als familiengef\u00fchrtes Hotel legen wir besonderen Wert auf Qualit\u00e4t, Liebe zum Detail und herzliche Gastfreundschaft, damit sich jeder Gast von Anfang an wohlf\u00fchlt.\",\"publisher\":{\"@id\":\"https:\/\/kronedashotel.de\/#organization\"},\"potentialAction\":[{\"@type\":\"SearchAction\",\"target\":{\"@type\":\"EntryPoint\",\"urlTemplate\":\"https:\/\/kronedashotel.de\/?s={search_term_string}\"},\"query-input\":{\"@type\":\"PropertyValueSpecification\",\"valueRequired\":true,\"valueName\":\"search_term_string\"}}],\"inLanguage\":\"de\"},{\"@type\":\"Organization\",\"@id\":\"https:\/\/kronedashotel.de\/#organization\",\"name\":\"Krone das Hotel - Willkommen in Tauberrettersheim, Germany\",\"url\":\"https:\/\/kronedashotel.de\/\",\"logo\":{\"@type\":\"ImageObject\",\"inLanguage\":\"de\",\"@id\":\"https:\/\/kronedashotel.de\/#\/schema\/logo\/image\/\",\"url\":\"https:\/\/kronedashotel.de\/wp-content\/uploads\/2024\/11\/KRONE-HOTEL-1.png\",\"contentUrl\":\"https:\/\/kronedashotel.de\/wp-content\/uploads\/2024\/11\/KRONE-HOTEL-1.png\",\"width\":1168,\"height\":885,\"caption\":\"Krone das Hotel - Willkommen in Tauberrettersheim, Germany\"},\"image\":{\"@id\":\"https:\/\/kronedashotel.de\/#\/schema\/logo\/image\/\"},\"sameAs\":[\"https:\/\/www.instagram.com\/kronedashotel\/\"]}]}<\/script>\n<!-- \/ Yoast SEO plugin. -->","yoast_head_json":{"title":"Veranstaltungen - Krone das Hotel - Willkommen in Tauberrettersheim, Germany","robots":{"index":"index","follow":"follow","max-snippet":"max-snippet:-1","max-image-preview":"max-image-preview:large","max-video-preview":"max-video-preview:-1"},"canonical":"https:\/\/kronedashotel.de\/de\/veranstaltungen\/","og_locale":"de_DE","og_type":"article","og_title":"Veranstaltungen - Krone das Hotel - Willkommen in Tauberrettersheim, Germany","og_description":"19\/03\/2025 R\u00f6ttingen &#8211; Unumg\u00e4ngliche Tour bei Tauberrettersheim Heute wollen wir einen Touristenbeitrag \u00fcber eine Stadt in unserer N\u00e4he verfassen: R\u00f6ttingen (4 km entfernt von Tauberrettersheim): Im s\u00fcdlichsten Winkel der unterfr\u00e4nkischen Landschaft, im Lieblichen Taubertal, liegt R\u00f6ttingen. Das \u00fcber 900 Jahre alte St\u00e4dtchen ist eine der Perlen an der Romantischen Stra\u00dfe und staatlich anerkannter Erholungsort. Malerisches, [&hellip;]","og_url":"https:\/\/kronedashotel.de\/de\/veranstaltungen\/","og_site_name":"Krone das Hotel - Willkommen in Tauberrettersheim, Germany","article_modified_time":"2025-04-07T14:02:38+00:00","og_image":[{"url":"https:\/\/kronedashotel.de\/wp-content\/uploads\/2025\/04\/Roettingen09.jpg","type":"","width":"","height":""}],"twitter_card":"summary_large_image","twitter_misc":{"Gesch\u00e4tzte Lesezeit":"2\u00a0Minuten"},"schema":{"@context":"https:\/\/schema.org","@graph":[{"@type":"WebPage","@id":"https:\/\/kronedashotel.de\/veranstaltungen\/","url":"https:\/\/kronedashotel.de\/veranstaltungen\/","name":"Veranstaltungen - Krone das Hotel - Willkommen in Tauberrettersheim, Germany","isPartOf":{"@id":"https:\/\/kronedashotel.de\/#website"},"primaryImageOfPage":{"@id":"https:\/\/kronedashotel.de\/veranstaltungen\/#primaryimage"},"image":{"@id":"https:\/\/kronedashotel.de\/veranstaltungen\/#primaryimage"},"thumbnailUrl":"https:\/\/kronedashotel.de\/wp-content\/uploads\/2025\/04\/Roettingen09.jpg","datePublished":"2020-03-20T11:50:16+00:00","dateModified":"2025-04-07T14:02:38+00:00","breadcrumb":{"@id":"https:\/\/kronedashotel.de\/veranstaltungen\/#breadcrumb"},"inLanguage":"de","potentialAction":[{"@type":"ReadAction","target":["https:\/\/kronedashotel.de\/veranstaltungen\/"]}]},{"@type":"ImageObject","inLanguage":"de","@id":"https:\/\/kronedashotel.de\/veranstaltungen\/#primaryimage","url":"https:\/\/kronedashotel.de\/wp-content\/uploads\/2025\/04\/Roettingen09.jpg","contentUrl":"https:\/\/kronedashotel.de\/wp-content\/uploads\/2025\/04\/Roettingen09.jpg"},{"@type":"BreadcrumbList","@id":"https:\/\/kronedashotel.de\/veranstaltungen\/#breadcrumb","itemListElement":[{"@type":"ListItem","position":1,"name":"In\u00edcio","item":"https:\/\/kronedashotel.de\/"},{"@type":"ListItem","position":2,"name":"Veranstaltungen"}]},{"@type":"WebSite","@id":"https:\/\/kronedashotel.de\/#website","url":"https:\/\/kronedashotel.de\/","name":"Krone das Hotel - Willkommen in Tauberrettersheim, Germany","description":"Willkommen in Krone das Hotel \u2013 Wo Tradition auf Gastlichkeit trifft Seit 1861 ist Krone das Hotel ein fester Bestandteil der Geschichte von Tauberrettersheim \u2013 eingebettet in die malerische Weinlandschaft Frankens, entlang der Romantischen Stra\u00dfe. Hier vereinen sich Ruhe, Natur und Kultur zu einem einzigartigen Erlebnis. Im Jahr 2025 begann f\u00fcr unser Haus ein neues Kapitel: Als familiengef\u00fchrtes Hotel legen wir besonderen Wert auf Qualit\u00e4t, Liebe zum Detail und herzliche Gastfreundschaft, damit sich jeder Gast von Anfang an wohlf\u00fchlt.","publisher":{"@id":"https:\/\/kronedashotel.de\/#organization"},"potentialAction":[{"@type":"SearchAction","target":{"@type":"EntryPoint","urlTemplate":"https:\/\/kronedashotel.de\/?s={search_term_string}"},"query-input":{"@type":"PropertyValueSpecification","valueRequired":true,"valueName":"search_term_string"}}],"inLanguage":"de"},{"@type":"Organization","@id":"https:\/\/kronedashotel.de\/#organization","name":"Krone das Hotel - Willkommen in Tauberrettersheim, Germany","url":"https:\/\/kronedashotel.de\/","logo":{"@type":"ImageObject","inLanguage":"de","@id":"https:\/\/kronedashotel.de\/#\/schema\/logo\/image\/","url":"https:\/\/kronedashotel.de\/wp-content\/uploads\/2024\/11\/KRONE-HOTEL-1.png","contentUrl":"https:\/\/kronedashotel.de\/wp-content\/uploads\/2024\/11\/KRONE-HOTEL-1.png","width":1168,"height":885,"caption":"Krone das Hotel - Willkommen in Tauberrettersheim, Germany"},"image":{"@id":"https:\/\/kronedashotel.de\/#\/schema\/logo\/image\/"},"sameAs":["https:\/\/www.instagram.com\/kronedashotel\/"]}]}},"_links":{"self":[{"href":"https:\/\/kronedashotel.de\/de\/wp-json\/wp\/v2\/pages\/422","targetHints":{"allow":["GET"]}}],"collection":[{"href":"https:\/\/kronedashotel.de\/de\/wp-json\/wp\/v2\/pages"}],"about":[{"href":"https:\/\/kronedashotel.de\/de\/wp-json\/wp\/v2\/types\/page"}],"author":[{"embeddable":true,"href":"https:\/\/kronedashotel.de\/de\/wp-json\/wp\/v2\/users\/1"}],"replies":[{"embeddable":true,"href":"https:\/\/kronedashotel.de\/de\/wp-json\/wp\/v2\/comments?post=422"}],"version-history":[{"count":14,"href":"https:\/\/kronedashotel.de\/de\/wp-json\/wp\/v2\/pages\/422\/revisions"}],"predecessor-version":[{"id":7464,"href":"https:\/\/kronedashotel.de\/de\/wp-json\/wp\/v2\/pages\/422\/revisions\/7464"}],"wp:attachment":[{"href":"https:\/\/kronedashotel.de\/de\/wp-json\/wp\/v2\/media?parent=422"}],"curies":[{"name":"wp","href":"https:\/\/api.w.org\/{rel}","templated":true}]}}