{"id":2560,"date":"2020-03-31T14:10:39","date_gmt":"2020-03-31T14:10:39","guid":{"rendered":"https:\/\/alloggio.qodeinteractive.com\/?page_id=2560"},"modified":"2025-02-10T19:46:33","modified_gmt":"2025-02-10T22:46:33","slug":"restaurant","status":"publish","type":"page","link":"https:\/\/kronedashotel.de\/de\/restaurant\/","title":{"rendered":"Restaurant"},"content":{"rendered":"<div data-elementor-type=\"wp-page\" data-elementor-id=\"2560\" class=\"elementor elementor-2560\">\n\t\t\t\t\t\t<section class=\"elementor-section elementor-top-section elementor-element elementor-element-7ff20ca elementor-section-full_width qodef-elementor-content-grid elementor-section-height-default elementor-section-height-default\" data-id=\"7ff20ca\" data-element_type=\"section\" data-e-type=\"section\">\n\t\t\t\t\t\t<div class=\"elementor-container elementor-column-gap-no\">\n\t\t\t\t\t<div class=\"elementor-column elementor-col-100 elementor-top-column elementor-element elementor-element-500b04f\" data-id=\"500b04f\" data-element_type=\"column\" data-e-type=\"column\">\n\t\t\t<div class=\"elementor-widget-wrap elementor-element-populated\">\n\t\t\t\t\t\t<div class=\"elementor-element elementor-element-d74b235 elementor-widget elementor-widget-alloggio_core_section_title\" data-id=\"d74b235\" data-element_type=\"widget\" data-e-type=\"widget\" data-widget_type=\"alloggio_core_section_title.default\">\n\t\t\t\t<div class=\"elementor-widget-container\">\n\t\t\t\t\t<div class=\"qodef-shortcode qodef-m  qodef-section-title qodef-alignment--center\">\n\t\t<h2 class=\"qodef-m-title\" >\n\t\t\t\t\tFr\u00fchst\u00fcck\t\t\t<\/h2>\n\t\t<span class=\"qodef-m-text\" >Erleben Sie ein authentisches deutsches Fr\u00fchst\u00fcck mit unserem sorgf\u00e4ltig zusammengestellten Men\u00fc, das eine ausgewogene Kombination aus traditionellen Geschmacksrichtungen und nahrhaften Optionen bietet, um Ihren Tag bestens zu beginnen.<\/span>\n<\/div>\t\t\t\t<\/div>\n\t\t\t\t<\/div>\n\t\t\t\t\t<\/div>\n\t\t<\/div>\n\t\t\t\t\t<\/div>\n\t\t<\/section>\n\t\t\t\t<section class=\"elementor-section elementor-top-section elementor-element elementor-element-7d1af9e elementor-section-full_width qodef-elementor-content-grid elementor-section-height-default elementor-section-height-default\" data-id=\"7d1af9e\" data-element_type=\"section\" data-e-type=\"section\">\n\t\t\t\t\t\t<div class=\"elementor-container elementor-column-gap-no\">\n\t\t\t\t\t<div class=\"elementor-column elementor-col-50 elementor-top-column elementor-element elementor-element-8e2c77d\" data-id=\"8e2c77d\" data-element_type=\"column\" data-e-type=\"column\">\n\t\t\t<div class=\"elementor-widget-wrap elementor-element-populated\">\n\t\t\t\t\t\t<div class=\"elementor-element elementor-element-6f06f48 elementor-widget elementor-widget-alloggio_core_restaurant_menu_list\" data-id=\"6f06f48\" data-element_type=\"widget\" data-e-type=\"widget\" data-widget_type=\"alloggio_core_restaurant_menu_list.default\">\n\t\t\t\t<div class=\"elementor-widget-container\">\n\t\t\t\t\t<div class=\"qodef-shortcode qodef-m  qodef-restaurant-menu-list qodef-grid qodef-layout--columns  qodef-gutter--normal qodef-col-num--1 qodef-item-layout--info-standard qodef-responsive--predefined\">\n\t<div class=\"qodef-grid-inner clear\">\n\t\t<div class=\"qodef-e qodef-grid-item\">\n\t<div class=\"qodef-e-inner\">\n\t\t<div class=\"qodef-e-heading\">\n\t\t\t<h4 class=\"qodef-e-heading-title\">\n\t\t\t\tRegionalit\u00e4t ist uns wichtig:\t\t\t<\/h4>\n\t\t\t\t\t<\/div>\n\t\t\n\t\t\t\t\t<p class=\"qodef-e-description\">\n\t\t\t\tUnsere Backwaren stammen aus der B\u00e4ckerei Schmitt in Tauberrettersheim, einem Familienbetrieb, der seit 1815 mit Leidenschaft und nach traditionellen Rezepten backt. Hier werden Brote und Br\u00f6tchen mit selbst hergestelltem Sauerteig und regionalen Zutaten gefertigt. \t\t\t<\/p>\n\t\t\t<\/div>\n<\/div>\n\n<div class=\"qodef-e qodef-grid-item\">\n\t<div class=\"qodef-e-inner\">\n\t\t<div class=\"qodef-e-heading\">\n\t\t\t<h4 class=\"qodef-e-heading-title\">\n\t\t\t\t\t\t\t<\/h4>\n\t\t\t\t\t<\/div>\n\t\t\n\t\t\t\t\t<p class=\"qodef-e-description\">\n\t\t\t\tUnsere Wurstwaren beziehen wir von der lokalen Handwerksmetzgerei Menth, die f\u00fcr ihre hochwertigen Fleischprodukte bekannt ist. Die Metzgerei legt Wert auf traditionelle Herstellungsmethoden und regionale Herkunft des Fleisches.\t\t\t<\/p>\n\t\t\t<\/div>\n<\/div>\n\n<div class=\"qodef-e qodef-grid-item\">\n\t<div class=\"qodef-e-inner\">\n\t\t<div class=\"qodef-e-heading\">\n\t\t\t<h4 class=\"qodef-e-heading-title\">\n\t\t\t\t\t\t\t<\/h4>\n\t\t\t\t\t<\/div>\n\t\t\n\t\t\t\t\t<p class=\"qodef-e-description\">\n\t\t\t\tDen Honig f\u00fcr Ihr Fr\u00fchst\u00fcck liefert die ortsans\u00e4ssige Imkerei Vogel. Als Hobbyimkerei in der dritten Generation produziert sie nat\u00fcrlichen Honig aus dem Taubertal, selbstverst\u00e4ndlich\u00a0ohne\u00a0Zus\u00e4tze.\t\t\t<\/p>\n\t\t\t<\/div>\n<\/div>\n\n\t<\/div>\n<\/div>\t\t\t\t<\/div>\n\t\t\t\t<\/div>\n\t\t\t\t\t<\/div>\n\t\t<\/div>\n\t\t\t\t<div class=\"elementor-column elementor-col-50 elementor-top-column elementor-element elementor-element-8d305b7\" data-id=\"8d305b7\" data-element_type=\"column\" data-e-type=\"column\">\n\t\t\t<div class=\"elementor-widget-wrap elementor-element-populated\">\n\t\t\t\t\t\t<div class=\"elementor-element elementor-element-dd90f14 elementor-widget elementor-widget-image\" data-id=\"dd90f14\" data-element_type=\"widget\" data-e-type=\"widget\" data-widget_type=\"image.default\">\n\t\t\t\t<div class=\"elementor-widget-container\">\n\t\t\t\t\t\t\t\t\t\t\t\t\t\t\t<img decoding=\"async\" src=\"https:\/\/kronedashotel.de\/wp-content\/uploads\/elementor\/thumbs\/Krone-37-r0mmhfadogepe0iujjpbngjreace34p9dn156kd6ds.jpg\" title=\"Krone (37)\" alt=\"Krone (37)\" loading=\"lazy\" \/>\t\t\t\t\t\t\t\t\t\t\t\t\t\t\t<\/div>\n\t\t\t\t<\/div>\n\t\t\t\t\t<\/div>\n\t\t<\/div>\n\t\t\t\t\t<\/div>\n\t\t<\/section>\n\t\t\t\t<\/div>","protected":false},"excerpt":{"rendered":"<p>Fr\u00fchst\u00fcck Erleben Sie ein authentisches deutsches Fr\u00fchst\u00fcck mit unserem sorgf\u00e4ltig zusammengestellten Men\u00fc, das eine ausgewogene Kombination aus traditionellen Geschmacksrichtungen und nahrhaften Optionen bietet, um Ihren Tag bestens zu beginnen. Brot und Geb\u00e4ck Br\u00f6tchen (knusprige Br\u00f6tchen), Brezen (weiche Brezel), Vollkorn-Roggenbrot, Frische Croissants, Fr\u00fcchtekuchen (Stollen), Dinkelbrot und Mehrkornbrot, K\u00e4segeb\u00e4ck mit europ\u00e4ischem Touch, Focaccia mit Oliven und Rosmarin. [&hellip;]<\/p>","protected":false},"author":1,"featured_media":0,"parent":0,"menu_order":0,"comment_status":"closed","ping_status":"closed","template":"page-full-width.php","meta":{"footnotes":""},"class_list":["post-2560","page","type-page","status-publish","hentry"],"yoast_head":"<!-- This site is optimized with the Yoast SEO plugin v24.7 - https:\/\/yoast.com\/wordpress\/plugins\/seo\/ -->\n<title>Restaurant - Krone das Hotel - Willkommen in Tauberrettersheim, Germany<\/title>\n<meta name=\"robots\" content=\"index, follow, max-snippet:-1, max-image-preview:large, max-video-preview:-1\" \/>\n<link rel=\"canonical\" href=\"https:\/\/kronedashotel.de\/de\/restaurant\/\" \/>\n<meta property=\"og:locale\" content=\"de_DE\" \/>\n<meta property=\"og:type\" content=\"article\" \/>\n<meta property=\"og:title\" content=\"Restaurant - Krone das Hotel - Willkommen in Tauberrettersheim, Germany\" \/>\n<meta property=\"og:description\" content=\"Fr\u00fchst\u00fcck Erleben Sie ein authentisches deutsches Fr\u00fchst\u00fcck mit unserem sorgf\u00e4ltig zusammengestellten Men\u00fc, das eine ausgewogene Kombination aus traditionellen Geschmacksrichtungen und nahrhaften Optionen bietet, um Ihren Tag bestens zu beginnen. Brot und Geb\u00e4ck Br\u00f6tchen (knusprige Br\u00f6tchen), Brezen (weiche Brezel), Vollkorn-Roggenbrot, Frische Croissants, Fr\u00fcchtekuchen (Stollen), Dinkelbrot und Mehrkornbrot, K\u00e4segeb\u00e4ck mit europ\u00e4ischem Touch, Focaccia mit Oliven und Rosmarin. [&hellip;]\" \/>\n<meta property=\"og:url\" content=\"https:\/\/kronedashotel.de\/de\/restaurant\/\" \/>\n<meta property=\"og:site_name\" content=\"Krone das Hotel - Willkommen in Tauberrettersheim, Germany\" \/>\n<meta property=\"article:modified_time\" content=\"2025-02-10T22:46:33+00:00\" \/>\n<meta property=\"og:image\" content=\"https:\/\/kronedashotel.de\/wp-content\/uploads\/elementor\/thumbs\/Krone-37-r0mmhfadogepe0iujjpbngjreace34p9dn156kd6ds.jpg\" \/>\n<meta name=\"twitter:card\" content=\"summary_large_image\" \/>\n<meta name=\"twitter:label1\" content=\"Gesch\u00e4tzte Lesezeit\" \/>\n\t<meta name=\"twitter:data1\" content=\"1\u00a0Minute\" \/>\n<script type=\"application\/ld+json\" class=\"yoast-schema-graph\">{\"@context\":\"https:\/\/schema.org\",\"@graph\":[{\"@type\":\"WebPage\",\"@id\":\"https:\/\/kronedashotel.de\/restaurant\/\",\"url\":\"https:\/\/kronedashotel.de\/restaurant\/\",\"name\":\"Restaurant - Krone das Hotel - Willkommen in Tauberrettersheim, Germany\",\"isPartOf\":{\"@id\":\"https:\/\/kronedashotel.de\/#website\"},\"primaryImageOfPage\":{\"@id\":\"https:\/\/kronedashotel.de\/restaurant\/#primaryimage\"},\"image\":{\"@id\":\"https:\/\/kronedashotel.de\/restaurant\/#primaryimage\"},\"thumbnailUrl\":\"https:\/\/kronedashotel.de\/wp-content\/uploads\/elementor\/thumbs\/Krone-37-r0mmhfadogepe0iujjpbngjreace34p9dn156kd6ds.jpg\",\"datePublished\":\"2020-03-31T14:10:39+00:00\",\"dateModified\":\"2025-02-10T22:46:33+00:00\",\"breadcrumb\":{\"@id\":\"https:\/\/kronedashotel.de\/restaurant\/#breadcrumb\"},\"inLanguage\":\"de\",\"potentialAction\":[{\"@type\":\"ReadAction\",\"target\":[\"https:\/\/kronedashotel.de\/restaurant\/\"]}]},{\"@type\":\"ImageObject\",\"inLanguage\":\"de\",\"@id\":\"https:\/\/kronedashotel.de\/restaurant\/#primaryimage\",\"url\":\"https:\/\/kronedashotel.de\/wp-content\/uploads\/elementor\/thumbs\/Krone-37-r0mmhfadogepe0iujjpbngjreace34p9dn156kd6ds.jpg\",\"contentUrl\":\"https:\/\/kronedashotel.de\/wp-content\/uploads\/elementor\/thumbs\/Krone-37-r0mmhfadogepe0iujjpbngjreace34p9dn156kd6ds.jpg\"},{\"@type\":\"BreadcrumbList\",\"@id\":\"https:\/\/kronedashotel.de\/restaurant\/#breadcrumb\",\"itemListElement\":[{\"@type\":\"ListItem\",\"position\":1,\"name\":\"In\u00edcio\",\"item\":\"https:\/\/kronedashotel.de\/\"},{\"@type\":\"ListItem\",\"position\":2,\"name\":\"Restaurant\"}]},{\"@type\":\"WebSite\",\"@id\":\"https:\/\/kronedashotel.de\/#website\",\"url\":\"https:\/\/kronedashotel.de\/\",\"name\":\"Krone das Hotel - Willkommen in Tauberrettersheim, Germany\",\"description\":\"Willkommen in Krone das Hotel \u2013 Wo Tradition auf Gastlichkeit trifft Seit 1861 ist Krone das Hotel ein fester Bestandteil der Geschichte von Tauberrettersheim \u2013 eingebettet in die malerische Weinlandschaft Frankens, entlang der Romantischen Stra\u00dfe. Hier vereinen sich Ruhe, Natur und Kultur zu einem einzigartigen Erlebnis. Im Jahr 2025 begann f\u00fcr unser Haus ein neues Kapitel: Als familiengef\u00fchrtes Hotel legen wir besonderen Wert auf Qualit\u00e4t, Liebe zum Detail und herzliche Gastfreundschaft, damit sich jeder Gast von Anfang an wohlf\u00fchlt.\",\"publisher\":{\"@id\":\"https:\/\/kronedashotel.de\/#organization\"},\"potentialAction\":[{\"@type\":\"SearchAction\",\"target\":{\"@type\":\"EntryPoint\",\"urlTemplate\":\"https:\/\/kronedashotel.de\/?s={search_term_string}\"},\"query-input\":{\"@type\":\"PropertyValueSpecification\",\"valueRequired\":true,\"valueName\":\"search_term_string\"}}],\"inLanguage\":\"de\"},{\"@type\":\"Organization\",\"@id\":\"https:\/\/kronedashotel.de\/#organization\",\"name\":\"Krone das Hotel - Willkommen in Tauberrettersheim, Germany\",\"url\":\"https:\/\/kronedashotel.de\/\",\"logo\":{\"@type\":\"ImageObject\",\"inLanguage\":\"de\",\"@id\":\"https:\/\/kronedashotel.de\/#\/schema\/logo\/image\/\",\"url\":\"https:\/\/kronedashotel.de\/wp-content\/uploads\/2024\/11\/KRONE-HOTEL-1.png\",\"contentUrl\":\"https:\/\/kronedashotel.de\/wp-content\/uploads\/2024\/11\/KRONE-HOTEL-1.png\",\"width\":1168,\"height\":885,\"caption\":\"Krone das Hotel - Willkommen in Tauberrettersheim, Germany\"},\"image\":{\"@id\":\"https:\/\/kronedashotel.de\/#\/schema\/logo\/image\/\"},\"sameAs\":[\"https:\/\/www.instagram.com\/kronedashotel\/\"]}]}<\/script>\n<!-- \/ Yoast SEO plugin. -->","yoast_head_json":{"title":"Restaurant - Krone das Hotel - Willkommen in Tauberrettersheim, Germany","robots":{"index":"index","follow":"follow","max-snippet":"max-snippet:-1","max-image-preview":"max-image-preview:large","max-video-preview":"max-video-preview:-1"},"canonical":"https:\/\/kronedashotel.de\/de\/restaurant\/","og_locale":"de_DE","og_type":"article","og_title":"Restaurant - Krone das Hotel - Willkommen in Tauberrettersheim, Germany","og_description":"Fr\u00fchst\u00fcck Erleben Sie ein authentisches deutsches Fr\u00fchst\u00fcck mit unserem sorgf\u00e4ltig zusammengestellten Men\u00fc, das eine ausgewogene Kombination aus traditionellen Geschmacksrichtungen und nahrhaften Optionen bietet, um Ihren Tag bestens zu beginnen. Brot und Geb\u00e4ck Br\u00f6tchen (knusprige Br\u00f6tchen), Brezen (weiche Brezel), Vollkorn-Roggenbrot, Frische Croissants, Fr\u00fcchtekuchen (Stollen), Dinkelbrot und Mehrkornbrot, K\u00e4segeb\u00e4ck mit europ\u00e4ischem Touch, Focaccia mit Oliven und Rosmarin. [&hellip;]","og_url":"https:\/\/kronedashotel.de\/de\/restaurant\/","og_site_name":"Krone das Hotel - Willkommen in Tauberrettersheim, Germany","article_modified_time":"2025-02-10T22:46:33+00:00","og_image":[{"url":"https:\/\/kronedashotel.de\/wp-content\/uploads\/elementor\/thumbs\/Krone-37-r0mmhfadogepe0iujjpbngjreace34p9dn156kd6ds.jpg","type":"","width":"","height":""}],"twitter_card":"summary_large_image","twitter_misc":{"Gesch\u00e4tzte Lesezeit":"1\u00a0Minute"},"schema":{"@context":"https:\/\/schema.org","@graph":[{"@type":"WebPage","@id":"https:\/\/kronedashotel.de\/restaurant\/","url":"https:\/\/kronedashotel.de\/restaurant\/","name":"Restaurant - Krone das Hotel - Willkommen in Tauberrettersheim, Germany","isPartOf":{"@id":"https:\/\/kronedashotel.de\/#website"},"primaryImageOfPage":{"@id":"https:\/\/kronedashotel.de\/restaurant\/#primaryimage"},"image":{"@id":"https:\/\/kronedashotel.de\/restaurant\/#primaryimage"},"thumbnailUrl":"https:\/\/kronedashotel.de\/wp-content\/uploads\/elementor\/thumbs\/Krone-37-r0mmhfadogepe0iujjpbngjreace34p9dn156kd6ds.jpg","datePublished":"2020-03-31T14:10:39+00:00","dateModified":"2025-02-10T22:46:33+00:00","breadcrumb":{"@id":"https:\/\/kronedashotel.de\/restaurant\/#breadcrumb"},"inLanguage":"de","potentialAction":[{"@type":"ReadAction","target":["https:\/\/kronedashotel.de\/restaurant\/"]}]},{"@type":"ImageObject","inLanguage":"de","@id":"https:\/\/kronedashotel.de\/restaurant\/#primaryimage","url":"https:\/\/kronedashotel.de\/wp-content\/uploads\/elementor\/thumbs\/Krone-37-r0mmhfadogepe0iujjpbngjreace34p9dn156kd6ds.jpg","contentUrl":"https:\/\/kronedashotel.de\/wp-content\/uploads\/elementor\/thumbs\/Krone-37-r0mmhfadogepe0iujjpbngjreace34p9dn156kd6ds.jpg"},{"@type":"BreadcrumbList","@id":"https:\/\/kronedashotel.de\/restaurant\/#breadcrumb","itemListElement":[{"@type":"ListItem","position":1,"name":"In\u00edcio","item":"https:\/\/kronedashotel.de\/"},{"@type":"ListItem","position":2,"name":"Restaurant"}]},{"@type":"WebSite","@id":"https:\/\/kronedashotel.de\/#website","url":"https:\/\/kronedashotel.de\/","name":"Krone das Hotel - Willkommen in Tauberrettersheim, Germany","description":"Willkommen in Krone das Hotel \u2013 Wo Tradition auf Gastlichkeit trifft Seit 1861 ist Krone das Hotel ein fester Bestandteil der Geschichte von Tauberrettersheim \u2013 eingebettet in die malerische Weinlandschaft Frankens, entlang der Romantischen Stra\u00dfe. Hier vereinen sich Ruhe, Natur und Kultur zu einem einzigartigen Erlebnis. Im Jahr 2025 begann f\u00fcr unser Haus ein neues Kapitel: Als familiengef\u00fchrtes Hotel legen wir besonderen Wert auf Qualit\u00e4t, Liebe zum Detail und herzliche Gastfreundschaft, damit sich jeder Gast von Anfang an wohlf\u00fchlt.","publisher":{"@id":"https:\/\/kronedashotel.de\/#organization"},"potentialAction":[{"@type":"SearchAction","target":{"@type":"EntryPoint","urlTemplate":"https:\/\/kronedashotel.de\/?s={search_term_string}"},"query-input":{"@type":"PropertyValueSpecification","valueRequired":true,"valueName":"search_term_string"}}],"inLanguage":"de"},{"@type":"Organization","@id":"https:\/\/kronedashotel.de\/#organization","name":"Krone das Hotel - Willkommen in Tauberrettersheim, Germany","url":"https:\/\/kronedashotel.de\/","logo":{"@type":"ImageObject","inLanguage":"de","@id":"https:\/\/kronedashotel.de\/#\/schema\/logo\/image\/","url":"https:\/\/kronedashotel.de\/wp-content\/uploads\/2024\/11\/KRONE-HOTEL-1.png","contentUrl":"https:\/\/kronedashotel.de\/wp-content\/uploads\/2024\/11\/KRONE-HOTEL-1.png","width":1168,"height":885,"caption":"Krone das Hotel - Willkommen in Tauberrettersheim, Germany"},"image":{"@id":"https:\/\/kronedashotel.de\/#\/schema\/logo\/image\/"},"sameAs":["https:\/\/www.instagram.com\/kronedashotel\/"]}]}},"_links":{"self":[{"href":"https:\/\/kronedashotel.de\/de\/wp-json\/wp\/v2\/pages\/2560","targetHints":{"allow":["GET"]}}],"collection":[{"href":"https:\/\/kronedashotel.de\/de\/wp-json\/wp\/v2\/pages"}],"about":[{"href":"https:\/\/kronedashotel.de\/de\/wp-json\/wp\/v2\/types\/page"}],"author":[{"embeddable":true,"href":"https:\/\/kronedashotel.de\/de\/wp-json\/wp\/v2\/users\/1"}],"replies":[{"embeddable":true,"href":"https:\/\/kronedashotel.de\/de\/wp-json\/wp\/v2\/comments?post=2560"}],"version-history":[{"count":28,"href":"https:\/\/kronedashotel.de\/de\/wp-json\/wp\/v2\/pages\/2560\/revisions"}],"predecessor-version":[{"id":6961,"href":"https:\/\/kronedashotel.de\/de\/wp-json\/wp\/v2\/pages\/2560\/revisions\/6961"}],"wp:attachment":[{"href":"https:\/\/kronedashotel.de\/de\/wp-json\/wp\/v2\/media?parent=2560"}],"curies":[{"name":"wp","href":"https:\/\/api.w.org\/{rel}","templated":true}]}}