{"id":2347,"date":"2020-03-31T07:41:11","date_gmt":"2020-03-31T07:41:11","guid":{"rendered":"https:\/\/alloggio.qodeinteractive.com\/?page_id=2347"},"modified":"2025-02-10T20:00:58","modified_gmt":"2025-02-10T23:00:58","slug":"uber-uns","status":"publish","type":"page","link":"https:\/\/kronedashotel.de\/de\/uber-uns\/","title":{"rendered":"\u00dcber uns"},"content":{"rendered":"<div data-elementor-type=\"wp-page\" data-elementor-id=\"2347\" class=\"elementor elementor-2347\">\n\t\t\t\t\t\t<section class=\"elementor-section elementor-top-section elementor-element elementor-element-723c8583 elementor-section-full_width elementor-section-height-default elementor-section-height-default qodef-elementor-content-no\" data-id=\"723c8583\" data-element_type=\"section\" data-e-type=\"section\">\n\t\t\t\t\t\t<div class=\"elementor-container elementor-column-gap-no\">\n\t\t\t\t\t<div class=\"elementor-column elementor-col-100 elementor-top-column elementor-element elementor-element-65e4aa5b\" data-id=\"65e4aa5b\" data-element_type=\"column\" data-e-type=\"column\">\n\t\t\t<div class=\"elementor-widget-wrap elementor-element-populated\">\n\t\t\t\t\t\t<div class=\"elementor-element elementor-element-42b2fd0a elementor-widget elementor-widget-alloggio_core_section_title\" data-id=\"42b2fd0a\" data-element_type=\"widget\" data-e-type=\"widget\" data-widget_type=\"alloggio_core_section_title.default\">\n\t\t\t\t<div class=\"elementor-widget-container\">\n\t\t\t\t\t<div class=\"qodef-shortcode qodef-m  qodef-section-title qodef-alignment--center\">\n\t\t<h1 class=\"qodef-m-title\" style=\"color: #412E20\">\n\t\t\t\t\tWillkommen im Hotel Krone\t\t\t<\/h1>\n\t<\/div>\t\t\t\t<\/div>\n\t\t\t\t<\/div>\n\t\t\t\t\t<\/div>\n\t\t<\/div>\n\t\t\t\t\t<\/div>\n\t\t<\/section>\n\t\t\t\t<section class=\"elementor-section elementor-top-section elementor-element elementor-element-55bc024 elementor-section-full_width qodef-elementor-content-grid elementor-section-height-default elementor-section-height-default\" data-id=\"55bc024\" data-element_type=\"section\" data-e-type=\"section\">\n\t\t\t\t\t\t<div class=\"elementor-container elementor-column-gap-no\">\n\t\t\t\t\t<div class=\"elementor-column elementor-col-50 elementor-top-column elementor-element elementor-element-5abf0b6\" data-id=\"5abf0b6\" data-element_type=\"column\" data-e-type=\"column\" data-settings=\"{&quot;background_background&quot;:&quot;gradient&quot;}\">\n\t\t\t<div class=\"elementor-widget-wrap elementor-element-populated\">\n\t\t\t\t\t\t<div class=\"elementor-element elementor-element-1522463 elementor-widget elementor-widget-alloggio_core_section_title\" data-id=\"1522463\" data-element_type=\"widget\" data-e-type=\"widget\" data-widget_type=\"alloggio_core_section_title.default\">\n\t\t\t\t<div class=\"elementor-widget-container\">\n\t\t\t\t\t<div class=\"qodef-shortcode qodef-m  qodef-section-title qodef-alignment--center\">\n\t\t<h2 class=\"qodef-m-title\" style=\"color: #412E20\">\n\t\t\t\t\tSeit 1861\t\t\t<\/h2>\n\t<\/div>\t\t\t\t<\/div>\n\t\t\t\t<\/div>\n\t\t\t\t<div class=\"elementor-element elementor-element-85d925b elementor-widget elementor-widget-text-editor\" data-id=\"85d925b\" data-element_type=\"widget\" data-e-type=\"widget\" data-widget_type=\"text-editor.default\">\n\t\t\t\t<div class=\"elementor-widget-container\">\n\t\t\t\t\t\t\t\t\t<h4>Willkommen in Krone das Hotel \u2013 Wo Tradition auf Gastlichkeit trifft<\/h4><h4>Seit 1861 ist Krone das Hotel ein fester Bestandteil der Geschichte von Tauberrettersheim \u2013 eingebettet in die malerische Weinlandschaft Frankens, entlang der Romantischen Stra\u00dfe.<\/h4><h4>Hier vereinen sich Ruhe, Natur und Kultur zu einem einzigartigen Erlebnis.<\/h4><h4>Im Jahr 2025 begann f\u00fcr unser Haus ein neues Kapitel: Als familiengef\u00fchrtes Hotel legen wir besonderen Wert auf Qualit\u00e4t, Liebe zum Detail und herzliche Gastfreundschaft, damit sich jeder Gast von Anfang an wohlf\u00fchlt.<\/h4><h4>Unsere Leidenschaft f\u00fcr Geschichte, Tradition und nachhaltigen Qualit\u00e4tstourismus spiegelt sich in jedem Aspekt unseres Hauses wider. Wir m\u00f6chten, dass Sie sich bei uns nicht nur als Gast, sondern wie zu Hause f\u00fchlen. Unser engagiertes Team steht Ihnen jederzeit zur Seite, um Ihnen die sch\u00f6nsten Seiten unserer Region n\u00e4herzubringen.<\/h4><h4>Freuen Sie sich auf gem\u00fctliche Zimmer mit typisch fr\u00e4nkischem Charme und ein Fr\u00fchst\u00fcck aus frischen, regionalen Produkten \u2013 denn kulinarischer Genuss geh\u00f6rt f\u00fcr uns zum perfekten Aufenthalt dazu.<\/h4><h4>Wir freuen uns darauf, Sie bald bei uns begr\u00fc\u00dfen zu d\u00fcrfen!<\/h4><h4><br \/>Ihr Team von Krone das Hotel<\/h4>\t\t\t\t\t\t\t\t<\/div>\n\t\t\t\t<\/div>\n\t\t\t\t\t<\/div>\n\t\t<\/div>\n\t\t\t\t<div class=\"elementor-column elementor-col-50 elementor-top-column elementor-element elementor-element-61939d9\" data-id=\"61939d9\" data-element_type=\"column\" data-e-type=\"column\">\n\t\t\t<div class=\"elementor-widget-wrap elementor-element-populated\">\n\t\t\t\t\t\t<div class=\"elementor-element elementor-element-6d9bf9f elementor-widget elementor-widget-image\" data-id=\"6d9bf9f\" data-element_type=\"widget\" data-e-type=\"widget\" data-widget_type=\"image.default\">\n\t\t\t\t<div class=\"elementor-widget-container\">\n\t\t\t\t\t\t\t\t\t\t\t\t\t\t\t<img fetchpriority=\"high\" decoding=\"async\" width=\"650\" height=\"1300\" src=\"https:\/\/kronedashotel.de\/wp-content\/uploads\/2025\/01\/Krone-9-650x1300.jpg\" class=\"attachment-qi_addons_for_elementor_image_size_portrait size-qi_addons_for_elementor_image_size_portrait wp-image-6098\" alt=\"\" \/>\t\t\t\t\t\t\t\t\t\t\t\t\t\t\t<\/div>\n\t\t\t\t<\/div>\n\t\t\t\t\t<\/div>\n\t\t<\/div>\n\t\t\t\t\t<\/div>\n\t\t<\/section>\n\t\t\t\t<\/div>","protected":false},"excerpt":{"rendered":"<p>Willkommen im Hotel Krone Seit 1861 Willkommen in Krone das Hotel \u2013 Wo Tradition auf Gastlichkeit trifft Seit 1861 ist Krone das Hotel ein fester Bestandteil der Geschichte von Tauberrettersheim \u2013 eingebettet in die malerische Weinlandschaft Frankens, entlang der Romantischen Stra\u00dfe. Hier vereinen sich Ruhe, Natur und Kultur zu einem einzigartigen Erlebnis. Im Jahr 2025 [&hellip;]<\/p>","protected":false},"author":1,"featured_media":0,"parent":0,"menu_order":0,"comment_status":"closed","ping_status":"closed","template":"","meta":{"footnotes":""},"class_list":["post-2347","page","type-page","status-publish","hentry"],"yoast_head":"<!-- This site is optimized with the Yoast SEO plugin v24.7 - https:\/\/yoast.com\/wordpress\/plugins\/seo\/ -->\n<title>\u00dcber uns - Krone das Hotel - Willkommen in Tauberrettersheim, Germany<\/title>\n<meta name=\"robots\" content=\"index, follow, max-snippet:-1, max-image-preview:large, max-video-preview:-1\" \/>\n<link rel=\"canonical\" href=\"https:\/\/kronedashotel.de\/de\/uber-uns\/\" \/>\n<meta property=\"og:locale\" content=\"de_DE\" \/>\n<meta property=\"og:type\" content=\"article\" \/>\n<meta property=\"og:title\" content=\"\u00dcber uns - Krone das Hotel - Willkommen in Tauberrettersheim, Germany\" \/>\n<meta property=\"og:description\" content=\"Willkommen im Hotel Krone Seit 1861 Willkommen in Krone das Hotel \u2013 Wo Tradition auf Gastlichkeit trifft Seit 1861 ist Krone das Hotel ein fester Bestandteil der Geschichte von Tauberrettersheim \u2013 eingebettet in die malerische Weinlandschaft Frankens, entlang der Romantischen Stra\u00dfe. Hier vereinen sich Ruhe, Natur und Kultur zu einem einzigartigen Erlebnis. Im Jahr 2025 [&hellip;]\" \/>\n<meta property=\"og:url\" content=\"https:\/\/kronedashotel.de\/de\/uber-uns\/\" \/>\n<meta property=\"og:site_name\" content=\"Krone das Hotel - Willkommen in Tauberrettersheim, Germany\" \/>\n<meta property=\"article:modified_time\" content=\"2025-02-10T23:00:58+00:00\" \/>\n<meta property=\"og:image\" content=\"https:\/\/kronedashotel.de\/wp-content\/uploads\/2025\/01\/Krone-9.jpg\" \/>\n\t<meta property=\"og:image:width\" content=\"2013\" \/>\n\t<meta property=\"og:image:height\" content=\"1342\" \/>\n\t<meta property=\"og:image:type\" content=\"image\/jpeg\" \/>\n<meta name=\"twitter:card\" content=\"summary_large_image\" \/>\n<meta name=\"twitter:label1\" content=\"Gesch\u00e4tzte Lesezeit\" \/>\n\t<meta name=\"twitter:data1\" content=\"2\u00a0Minuten\" \/>\n<script type=\"application\/ld+json\" class=\"yoast-schema-graph\">{\"@context\":\"https:\/\/schema.org\",\"@graph\":[{\"@type\":\"WebPage\",\"@id\":\"https:\/\/kronedashotel.de\/uber-uns\/\",\"url\":\"https:\/\/kronedashotel.de\/uber-uns\/\",\"name\":\"\u00dcber uns - Krone das Hotel - Willkommen in Tauberrettersheim, Germany\",\"isPartOf\":{\"@id\":\"https:\/\/kronedashotel.de\/#website\"},\"primaryImageOfPage\":{\"@id\":\"https:\/\/kronedashotel.de\/uber-uns\/#primaryimage\"},\"image\":{\"@id\":\"https:\/\/kronedashotel.de\/uber-uns\/#primaryimage\"},\"thumbnailUrl\":\"https:\/\/kronedashotel.de\/wp-content\/uploads\/2025\/01\/Krone-9-650x1300.jpg\",\"datePublished\":\"2020-03-31T07:41:11+00:00\",\"dateModified\":\"2025-02-10T23:00:58+00:00\",\"breadcrumb\":{\"@id\":\"https:\/\/kronedashotel.de\/uber-uns\/#breadcrumb\"},\"inLanguage\":\"de\",\"potentialAction\":[{\"@type\":\"ReadAction\",\"target\":[\"https:\/\/kronedashotel.de\/uber-uns\/\"]}]},{\"@type\":\"ImageObject\",\"inLanguage\":\"de\",\"@id\":\"https:\/\/kronedashotel.de\/uber-uns\/#primaryimage\",\"url\":\"https:\/\/kronedashotel.de\/wp-content\/uploads\/2025\/01\/Krone-9-650x1300.jpg\",\"contentUrl\":\"https:\/\/kronedashotel.de\/wp-content\/uploads\/2025\/01\/Krone-9-650x1300.jpg\"},{\"@type\":\"BreadcrumbList\",\"@id\":\"https:\/\/kronedashotel.de\/uber-uns\/#breadcrumb\",\"itemListElement\":[{\"@type\":\"ListItem\",\"position\":1,\"name\":\"In\u00edcio\",\"item\":\"https:\/\/kronedashotel.de\/\"},{\"@type\":\"ListItem\",\"position\":2,\"name\":\"\u00dcber uns\"}]},{\"@type\":\"WebSite\",\"@id\":\"https:\/\/kronedashotel.de\/#website\",\"url\":\"https:\/\/kronedashotel.de\/\",\"name\":\"Krone das Hotel - Willkommen in Tauberrettersheim, Germany\",\"description\":\"Willkommen in Krone das Hotel \u2013 Wo Tradition auf Gastlichkeit trifft Seit 1861 ist Krone das Hotel ein fester Bestandteil der Geschichte von Tauberrettersheim \u2013 eingebettet in die malerische Weinlandschaft Frankens, entlang der Romantischen Stra\u00dfe. Hier vereinen sich Ruhe, Natur und Kultur zu einem einzigartigen Erlebnis. Im Jahr 2025 begann f\u00fcr unser Haus ein neues Kapitel: Als familiengef\u00fchrtes Hotel legen wir besonderen Wert auf Qualit\u00e4t, Liebe zum Detail und herzliche Gastfreundschaft, damit sich jeder Gast von Anfang an wohlf\u00fchlt.\",\"publisher\":{\"@id\":\"https:\/\/kronedashotel.de\/#organization\"},\"potentialAction\":[{\"@type\":\"SearchAction\",\"target\":{\"@type\":\"EntryPoint\",\"urlTemplate\":\"https:\/\/kronedashotel.de\/?s={search_term_string}\"},\"query-input\":{\"@type\":\"PropertyValueSpecification\",\"valueRequired\":true,\"valueName\":\"search_term_string\"}}],\"inLanguage\":\"de\"},{\"@type\":\"Organization\",\"@id\":\"https:\/\/kronedashotel.de\/#organization\",\"name\":\"Krone das Hotel - Willkommen in Tauberrettersheim, Germany\",\"url\":\"https:\/\/kronedashotel.de\/\",\"logo\":{\"@type\":\"ImageObject\",\"inLanguage\":\"de\",\"@id\":\"https:\/\/kronedashotel.de\/#\/schema\/logo\/image\/\",\"url\":\"https:\/\/kronedashotel.de\/wp-content\/uploads\/2024\/11\/KRONE-HOTEL-1.png\",\"contentUrl\":\"https:\/\/kronedashotel.de\/wp-content\/uploads\/2024\/11\/KRONE-HOTEL-1.png\",\"width\":1168,\"height\":885,\"caption\":\"Krone das Hotel - Willkommen in Tauberrettersheim, Germany\"},\"image\":{\"@id\":\"https:\/\/kronedashotel.de\/#\/schema\/logo\/image\/\"},\"sameAs\":[\"https:\/\/www.instagram.com\/kronedashotel\/\"]}]}<\/script>\n<!-- \/ Yoast SEO plugin. -->","yoast_head_json":{"title":"\u00dcber uns - Krone das Hotel - Willkommen in Tauberrettersheim, Germany","robots":{"index":"index","follow":"follow","max-snippet":"max-snippet:-1","max-image-preview":"max-image-preview:large","max-video-preview":"max-video-preview:-1"},"canonical":"https:\/\/kronedashotel.de\/de\/uber-uns\/","og_locale":"de_DE","og_type":"article","og_title":"\u00dcber uns - Krone das Hotel - Willkommen in Tauberrettersheim, Germany","og_description":"Willkommen im Hotel Krone Seit 1861 Willkommen in Krone das Hotel \u2013 Wo Tradition auf Gastlichkeit trifft Seit 1861 ist Krone das Hotel ein fester Bestandteil der Geschichte von Tauberrettersheim \u2013 eingebettet in die malerische Weinlandschaft Frankens, entlang der Romantischen Stra\u00dfe. Hier vereinen sich Ruhe, Natur und Kultur zu einem einzigartigen Erlebnis. Im Jahr 2025 [&hellip;]","og_url":"https:\/\/kronedashotel.de\/de\/uber-uns\/","og_site_name":"Krone das Hotel - Willkommen in Tauberrettersheim, Germany","article_modified_time":"2025-02-10T23:00:58+00:00","og_image":[{"width":2013,"height":1342,"url":"https:\/\/kronedashotel.de\/wp-content\/uploads\/2025\/01\/Krone-9.jpg","type":"image\/jpeg"}],"twitter_card":"summary_large_image","twitter_misc":{"Gesch\u00e4tzte Lesezeit":"2\u00a0Minuten"},"schema":{"@context":"https:\/\/schema.org","@graph":[{"@type":"WebPage","@id":"https:\/\/kronedashotel.de\/uber-uns\/","url":"https:\/\/kronedashotel.de\/uber-uns\/","name":"\u00dcber uns - Krone das Hotel - Willkommen in Tauberrettersheim, Germany","isPartOf":{"@id":"https:\/\/kronedashotel.de\/#website"},"primaryImageOfPage":{"@id":"https:\/\/kronedashotel.de\/uber-uns\/#primaryimage"},"image":{"@id":"https:\/\/kronedashotel.de\/uber-uns\/#primaryimage"},"thumbnailUrl":"https:\/\/kronedashotel.de\/wp-content\/uploads\/2025\/01\/Krone-9-650x1300.jpg","datePublished":"2020-03-31T07:41:11+00:00","dateModified":"2025-02-10T23:00:58+00:00","breadcrumb":{"@id":"https:\/\/kronedashotel.de\/uber-uns\/#breadcrumb"},"inLanguage":"de","potentialAction":[{"@type":"ReadAction","target":["https:\/\/kronedashotel.de\/uber-uns\/"]}]},{"@type":"ImageObject","inLanguage":"de","@id":"https:\/\/kronedashotel.de\/uber-uns\/#primaryimage","url":"https:\/\/kronedashotel.de\/wp-content\/uploads\/2025\/01\/Krone-9-650x1300.jpg","contentUrl":"https:\/\/kronedashotel.de\/wp-content\/uploads\/2025\/01\/Krone-9-650x1300.jpg"},{"@type":"BreadcrumbList","@id":"https:\/\/kronedashotel.de\/uber-uns\/#breadcrumb","itemListElement":[{"@type":"ListItem","position":1,"name":"In\u00edcio","item":"https:\/\/kronedashotel.de\/"},{"@type":"ListItem","position":2,"name":"\u00dcber uns"}]},{"@type":"WebSite","@id":"https:\/\/kronedashotel.de\/#website","url":"https:\/\/kronedashotel.de\/","name":"Krone das Hotel - Willkommen in Tauberrettersheim, Germany","description":"Willkommen in Krone das Hotel \u2013 Wo Tradition auf Gastlichkeit trifft Seit 1861 ist Krone das Hotel ein fester Bestandteil der Geschichte von Tauberrettersheim \u2013 eingebettet in die malerische Weinlandschaft Frankens, entlang der Romantischen Stra\u00dfe. Hier vereinen sich Ruhe, Natur und Kultur zu einem einzigartigen Erlebnis. Im Jahr 2025 begann f\u00fcr unser Haus ein neues Kapitel: Als familiengef\u00fchrtes Hotel legen wir besonderen Wert auf Qualit\u00e4t, Liebe zum Detail und herzliche Gastfreundschaft, damit sich jeder Gast von Anfang an wohlf\u00fchlt.","publisher":{"@id":"https:\/\/kronedashotel.de\/#organization"},"potentialAction":[{"@type":"SearchAction","target":{"@type":"EntryPoint","urlTemplate":"https:\/\/kronedashotel.de\/?s={search_term_string}"},"query-input":{"@type":"PropertyValueSpecification","valueRequired":true,"valueName":"search_term_string"}}],"inLanguage":"de"},{"@type":"Organization","@id":"https:\/\/kronedashotel.de\/#organization","name":"Krone das Hotel - Willkommen in Tauberrettersheim, Germany","url":"https:\/\/kronedashotel.de\/","logo":{"@type":"ImageObject","inLanguage":"de","@id":"https:\/\/kronedashotel.de\/#\/schema\/logo\/image\/","url":"https:\/\/kronedashotel.de\/wp-content\/uploads\/2024\/11\/KRONE-HOTEL-1.png","contentUrl":"https:\/\/kronedashotel.de\/wp-content\/uploads\/2024\/11\/KRONE-HOTEL-1.png","width":1168,"height":885,"caption":"Krone das Hotel - Willkommen in Tauberrettersheim, Germany"},"image":{"@id":"https:\/\/kronedashotel.de\/#\/schema\/logo\/image\/"},"sameAs":["https:\/\/www.instagram.com\/kronedashotel\/"]}]}},"_links":{"self":[{"href":"https:\/\/kronedashotel.de\/de\/wp-json\/wp\/v2\/pages\/2347","targetHints":{"allow":["GET"]}}],"collection":[{"href":"https:\/\/kronedashotel.de\/de\/wp-json\/wp\/v2\/pages"}],"about":[{"href":"https:\/\/kronedashotel.de\/de\/wp-json\/wp\/v2\/types\/page"}],"author":[{"embeddable":true,"href":"https:\/\/kronedashotel.de\/de\/wp-json\/wp\/v2\/users\/1"}],"replies":[{"embeddable":true,"href":"https:\/\/kronedashotel.de\/de\/wp-json\/wp\/v2\/comments?post=2347"}],"version-history":[{"count":196,"href":"https:\/\/kronedashotel.de\/de\/wp-json\/wp\/v2\/pages\/2347\/revisions"}],"predecessor-version":[{"id":6982,"href":"https:\/\/kronedashotel.de\/de\/wp-json\/wp\/v2\/pages\/2347\/revisions\/6982"}],"wp:attachment":[{"href":"https:\/\/kronedashotel.de\/de\/wp-json\/wp\/v2\/media?parent=2347"}],"curies":[{"name":"wp","href":"https:\/\/api.w.org\/{rel}","templated":true}]}}