{"id":15,"date":"2024-11-13T17:27:05","date_gmt":"2024-11-13T20:27:05","guid":{"rendered":"https:\/\/kronedashotel.de\/my-account\/"},"modified":"2024-11-13T17:27:05","modified_gmt":"2024-11-13T20:27:05","slug":"my-account","status":"publish","type":"page","link":"https:\/\/kronedashotel.de\/de\/my-account\/","title":{"rendered":"My account"},"content":{"rendered":"<div class=\"woocommerce\"><\/div>","protected":false},"excerpt":{"rendered":"","protected":false},"author":1,"featured_media":0,"parent":0,"menu_order":0,"comment_status":"closed","ping_status":"closed","template":"","meta":{"footnotes":""},"class_list":["post-15","page","type-page","status-publish","hentry"],"yoast_head":"<!-- This site is optimized with the Yoast SEO plugin v24.7 - https:\/\/yoast.com\/wordpress\/plugins\/seo\/ -->\n<title>My account - Krone das Hotel - Willkommen in Tauberrettersheim, Germany<\/title>\n<meta name=\"robots\" content=\"index, follow, max-snippet:-1, max-image-preview:large, max-video-preview:-1\" \/>\n<link rel=\"canonical\" href=\"https:\/\/kronedashotel.de\/de\/my-account\/\" \/>\n<meta property=\"og:locale\" content=\"de_DE\" \/>\n<meta property=\"og:type\" content=\"article\" \/>\n<meta property=\"og:title\" content=\"My account - Krone das Hotel - Willkommen in Tauberrettersheim, Germany\" \/>\n<meta property=\"og:url\" content=\"https:\/\/kronedashotel.de\/de\/my-account\/\" \/>\n<meta property=\"og:site_name\" content=\"Krone das Hotel - Willkommen in Tauberrettersheim, Germany\" \/>\n<meta name=\"twitter:card\" content=\"summary_large_image\" \/>\n<script type=\"application\/ld+json\" class=\"yoast-schema-graph\">{\"@context\":\"https:\/\/schema.org\",\"@graph\":[{\"@type\":\"WebPage\",\"@id\":\"https:\/\/kronedashotel.de\/my-account\/\",\"url\":\"https:\/\/kronedashotel.de\/my-account\/\",\"name\":\"My account - Krone das Hotel - Willkommen in Tauberrettersheim, Germany\",\"isPartOf\":{\"@id\":\"https:\/\/kronedashotel.de\/#website\"},\"datePublished\":\"2024-11-13T20:27:05+00:00\",\"breadcrumb\":{\"@id\":\"https:\/\/kronedashotel.de\/my-account\/#breadcrumb\"},\"inLanguage\":\"de\",\"potentialAction\":[{\"@type\":\"ReadAction\",\"target\":[\"https:\/\/kronedashotel.de\/my-account\/\"]}]},{\"@type\":\"BreadcrumbList\",\"@id\":\"https:\/\/kronedashotel.de\/my-account\/#breadcrumb\",\"itemListElement\":[{\"@type\":\"ListItem\",\"position\":1,\"name\":\"In\u00edcio\",\"item\":\"https:\/\/kronedashotel.de\/\"},{\"@type\":\"ListItem\",\"position\":2,\"name\":\"My account\"}]},{\"@type\":\"WebSite\",\"@id\":\"https:\/\/kronedashotel.de\/#website\",\"url\":\"https:\/\/kronedashotel.de\/\",\"name\":\"Krone das Hotel - Willkommen in Tauberrettersheim, Germany\",\"description\":\"Willkommen in Krone das Hotel \u2013 Wo Tradition auf Gastlichkeit trifft Seit 1861 ist Krone das Hotel ein fester Bestandteil der Geschichte von Tauberrettersheim \u2013 eingebettet in die malerische Weinlandschaft Frankens, entlang der Romantischen Stra\u00dfe. Hier vereinen sich Ruhe, Natur und Kultur zu einem einzigartigen Erlebnis. Im Jahr 2025 begann f\u00fcr unser Haus ein neues Kapitel: Als familiengef\u00fchrtes Hotel legen wir besonderen Wert auf Qualit\u00e4t, Liebe zum Detail und herzliche Gastfreundschaft, damit sich jeder Gast von Anfang an wohlf\u00fchlt.\",\"publisher\":{\"@id\":\"https:\/\/kronedashotel.de\/#organization\"},\"potentialAction\":[{\"@type\":\"SearchAction\",\"target\":{\"@type\":\"EntryPoint\",\"urlTemplate\":\"https:\/\/kronedashotel.de\/?s={search_term_string}\"},\"query-input\":{\"@type\":\"PropertyValueSpecification\",\"valueRequired\":true,\"valueName\":\"search_term_string\"}}],\"inLanguage\":\"de\"},{\"@type\":\"Organization\",\"@id\":\"https:\/\/kronedashotel.de\/#organization\",\"name\":\"Krone das Hotel - Willkommen in Tauberrettersheim, Germany\",\"url\":\"https:\/\/kronedashotel.de\/\",\"logo\":{\"@type\":\"ImageObject\",\"inLanguage\":\"de\",\"@id\":\"https:\/\/kronedashotel.de\/#\/schema\/logo\/image\/\",\"url\":\"https:\/\/kronedashotel.de\/wp-content\/uploads\/2024\/11\/KRONE-HOTEL-1.png\",\"contentUrl\":\"https:\/\/kronedashotel.de\/wp-content\/uploads\/2024\/11\/KRONE-HOTEL-1.png\",\"width\":1168,\"height\":885,\"caption\":\"Krone das Hotel - Willkommen in Tauberrettersheim, Germany\"},\"image\":{\"@id\":\"https:\/\/kronedashotel.de\/#\/schema\/logo\/image\/\"},\"sameAs\":[\"https:\/\/www.instagram.com\/kronedashotel\/\"]}]}<\/script>\n<!-- \/ Yoast SEO plugin. -->","yoast_head_json":{"title":"My account - Krone das Hotel - Willkommen in Tauberrettersheim, Germany","robots":{"index":"index","follow":"follow","max-snippet":"max-snippet:-1","max-image-preview":"max-image-preview:large","max-video-preview":"max-video-preview:-1"},"canonical":"https:\/\/kronedashotel.de\/de\/my-account\/","og_locale":"de_DE","og_type":"article","og_title":"My account - Krone das Hotel - Willkommen in Tauberrettersheim, Germany","og_url":"https:\/\/kronedashotel.de\/de\/my-account\/","og_site_name":"Krone das Hotel - Willkommen in Tauberrettersheim, Germany","twitter_card":"summary_large_image","schema":{"@context":"https:\/\/schema.org","@graph":[{"@type":"WebPage","@id":"https:\/\/kronedashotel.de\/my-account\/","url":"https:\/\/kronedashotel.de\/my-account\/","name":"My account - Krone das Hotel - Willkommen in Tauberrettersheim, Germany","isPartOf":{"@id":"https:\/\/kronedashotel.de\/#website"},"datePublished":"2024-11-13T20:27:05+00:00","breadcrumb":{"@id":"https:\/\/kronedashotel.de\/my-account\/#breadcrumb"},"inLanguage":"de","potentialAction":[{"@type":"ReadAction","target":["https:\/\/kronedashotel.de\/my-account\/"]}]},{"@type":"BreadcrumbList","@id":"https:\/\/kronedashotel.de\/my-account\/#breadcrumb","itemListElement":[{"@type":"ListItem","position":1,"name":"In\u00edcio","item":"https:\/\/kronedashotel.de\/"},{"@type":"ListItem","position":2,"name":"My account"}]},{"@type":"WebSite","@id":"https:\/\/kronedashotel.de\/#website","url":"https:\/\/kronedashotel.de\/","name":"Krone das Hotel - Willkommen in Tauberrettersheim, Germany","description":"Willkommen in Krone das Hotel \u2013 Wo Tradition auf Gastlichkeit trifft Seit 1861 ist Krone das Hotel ein fester Bestandteil der Geschichte von Tauberrettersheim \u2013 eingebettet in die malerische Weinlandschaft Frankens, entlang der Romantischen Stra\u00dfe. Hier vereinen sich Ruhe, Natur und Kultur zu einem einzigartigen Erlebnis. Im Jahr 2025 begann f\u00fcr unser Haus ein neues Kapitel: Als familiengef\u00fchrtes Hotel legen wir besonderen Wert auf Qualit\u00e4t, Liebe zum Detail und herzliche Gastfreundschaft, damit sich jeder Gast von Anfang an wohlf\u00fchlt.","publisher":{"@id":"https:\/\/kronedashotel.de\/#organization"},"potentialAction":[{"@type":"SearchAction","target":{"@type":"EntryPoint","urlTemplate":"https:\/\/kronedashotel.de\/?s={search_term_string}"},"query-input":{"@type":"PropertyValueSpecification","valueRequired":true,"valueName":"search_term_string"}}],"inLanguage":"de"},{"@type":"Organization","@id":"https:\/\/kronedashotel.de\/#organization","name":"Krone das Hotel - Willkommen in Tauberrettersheim, Germany","url":"https:\/\/kronedashotel.de\/","logo":{"@type":"ImageObject","inLanguage":"de","@id":"https:\/\/kronedashotel.de\/#\/schema\/logo\/image\/","url":"https:\/\/kronedashotel.de\/wp-content\/uploads\/2024\/11\/KRONE-HOTEL-1.png","contentUrl":"https:\/\/kronedashotel.de\/wp-content\/uploads\/2024\/11\/KRONE-HOTEL-1.png","width":1168,"height":885,"caption":"Krone das Hotel - Willkommen in Tauberrettersheim, Germany"},"image":{"@id":"https:\/\/kronedashotel.de\/#\/schema\/logo\/image\/"},"sameAs":["https:\/\/www.instagram.com\/kronedashotel\/"]}]}},"_links":{"self":[{"href":"https:\/\/kronedashotel.de\/de\/wp-json\/wp\/v2\/pages\/15","targetHints":{"allow":["GET"]}}],"collection":[{"href":"https:\/\/kronedashotel.de\/de\/wp-json\/wp\/v2\/pages"}],"about":[{"href":"https:\/\/kronedashotel.de\/de\/wp-json\/wp\/v2\/types\/page"}],"author":[{"embeddable":true,"href":"https:\/\/kronedashotel.de\/de\/wp-json\/wp\/v2\/users\/1"}],"replies":[{"embeddable":true,"href":"https:\/\/kronedashotel.de\/de\/wp-json\/wp\/v2\/comments?post=15"}],"version-history":[{"count":0,"href":"https:\/\/kronedashotel.de\/de\/wp-json\/wp\/v2\/pages\/15\/revisions"}],"wp:attachment":[{"href":"https:\/\/kronedashotel.de\/de\/wp-json\/wp\/v2\/media?parent=15"}],"curies":[{"name":"wp","href":"https:\/\/api.w.org\/{rel}","templated":true}]}}